{"id":1313,"date":"2020-10-15T12:32:53","date_gmt":"2020-10-15T10:32:53","guid":{"rendered":"http:\/\/www.aikidolublin.pl\/?page_id=1313"},"modified":"2025-08-20T12:42:13","modified_gmt":"2025-08-20T10:42:13","slug":"etykieta-dojo-super-aikido-lublin","status":"publish","type":"page","link":"https:\/\/aikidolublin.pl\/?page_id=1313","title":{"rendered":"Etykieta Dojo"},"content":{"rendered":"\t\t<div data-elementor-type=\"wp-page\" data-elementor-id=\"1313\" class=\"elementor elementor-1313\">\n\t\t\t\t<div class=\"elementor-element elementor-element-72d93128 e-flex e-con-boxed wpr-particle-no wpr-jarallax-no wpr-parallax-no wpr-sticky-section-no wpr-column-slider-no wpr-equal-height-no e-con e-parent\" data-id=\"72d93128\" data-element_type=\"container\" data-e-type=\"container\">\n\t\t\t\t\t<div class=\"e-con-inner\">\n\t\t\t\t<div class=\"elementor-element elementor-element-ad80400 elementor-widget elementor-widget-text-editor\" data-id=\"ad80400\" data-element_type=\"widget\" data-e-type=\"widget\" data-widget_type=\"text-editor.default\">\n\t\t\t\t<div class=\"elementor-widget-container\">\n\t\t\t\t\t\t\t\t\t<p><strong>Zasady obowi\u0105zuj\u0105ce w \u00a0Aikido4Life Lublin s\u0105 zgodne z duchem za\u0142o\u017cyciela Aikido Morihei Ueshiba O<sup>`<\/sup>Sensei<\/strong><strong>. <\/strong><\/p><p>Cz\u0119sto bywa tak, \u017ce ludzie Zachodu (kr\u0119gu kultury europejskiej) wchodz\u0105c do dojo czuj\u0105 si\u0119 niekomfortowo z nieznanymi im uk\u0142onami i wieloma dziwnymi formami etykiety. Wielu uwa\u017ca, \u017ce te zasady s\u0105 przesadne i niepotrzebne. Jednak s\u0105 one wyrazem wzajemnego szacunku dla wszystkich praktykuj\u0105cych Aikido.<\/p><p><strong>ETYKIETA DOJO\u00a0 AIKIDO4LIFE LUBLIN<\/strong><\/p><ol><li>Przed wej\u015bcie do Dojo w szatni zak\u0142adamy <strong>keikogi<\/strong> (ubi\u00f3r treningowy) i klapki (<strong>zori<\/strong>). Zaawansowani aikidocy wk\u0142adaj\u0105 ewentualnie <strong>hakama<\/strong><\/li><li>Wej\u015bcie i wyj\u015bcie z dojo powinno by\u0107 poprzedzone uk\u0142onem w pozycji stoj\u0105cej (<strong>tachi rei<\/strong>) w kierunku <strong>kamiza<\/strong> (\u015bciana g\u0142\u00f3wna z japo\u0144skim napisem aikido i portretem O`Sensei).<\/li><li>Wchodz\u0105c na <strong>tatami<\/strong> (mat\u0119) dobrym zwyczajem jest uk\u0142on w pozycji kl\u0119cz\u0105cej (<strong>seiza rei<\/strong>).<\/li><li>Przed i po treningu uczniowie przebywaj\u0105c w dojo powinni si\u0119 odpowiednio zachowywa\u0107, m\u00f3wi\u0107 cicho, nie obraca\u0107 si\u0119 ty\u0142em do kamizy i nie powinni przyjmowa\u0107 lekcewa\u017c\u0105cej postawy.<\/li><li>Przed rozpocz\u0119ciem treningu siadamy w seiza na tatami z innymi\u00a0\u00a0 uczniami zgodnie z hierarchi\u0105 (stopniami) i czekamy na <strong>sensei`a<\/strong> (nauczyciela).<\/li><li>Trening rozpoczyna kr\u00f3tka medytacja (<strong>mokuso<\/strong>). Po mokuso sensei i uczniowie wykonuj\u0105 uk\u0142on w stron\u0119 kamiza <strong>(shomen ni rei<\/strong>) i wzajemny (<strong>otogai ni rei)<\/strong> z wypowiedzianym (<strong>onegaishimasu<\/strong>) zaproszeniem do treningu. Po komendzie <strong>kiritsu<\/strong> na stoj\u0105co nast\u0119puje 3 uk\u0142on <strong>tachi rei.<\/strong><\/li><li>Na zako\u0144czenie treningu na has\u0142o <strong>sore made<\/strong> przyjmujemy pozycj\u0119 seiza i wykonujemy ponownie trzy uk\u0142ony: w stron\u0119 kamiza <strong>(shomen ni rei<\/strong>), wzajemy nauczyciela i uczni\u00f3w <strong>(otogai ni rei<\/strong>) z odpowiedzi\u0105 <strong>domo arigato gozaimashita <\/strong>(forma grzeczno\u015bciowa podzi\u0119kowania) i ostatni w pozycji stoj\u0105cej (<strong>tachi rei)<\/strong>.<\/li><li>W trakcie treningu rozpoczynaj\u0105c i ko\u0144cz\u0105c \u0107wiczenie ka\u017cdy k\u0142ania si\u0119 osobie wsp\u00f3\u0142\u0107wicz\u0105cej.<\/li><li>Sensei przerywa trening komend\u0105 <strong>yame<\/strong> po kt\u00f3rej wszyscy siadaj\u0105 w seiza. Do rozpocz\u0119cia lub wznowienia \u0107wicze\u0144 s\u0142u\u017cy komenda<\/li><li>W dojo obowi\u0105zuje \u0142ad organizacyjny i wzajemny szacunek do \u0107wicz\u0105cych. Nie wolno eksperymentowa\u0107 na zdrowiu partnera, a bezpiecze\u0144stwo jest nadrz\u0119dn\u0105 zasad\u0105 obowi\u0105zuj\u0105c\u0105 w dojo. Wszyscy aikidocy w r\u00f3wnym stopniu dbaj\u0105 o to aby nikomu nic si\u0119 nie sta\u0142o w trakcie treningu.<\/li><li>W naszym dojo nie ma miejsca na arogancj\u0119. Nie wolno wykonywa\u0107 technik na \u201ew\u0142asn\u0105 r\u0119k\u0119\u201d, na si\u0142\u0119. Wykonujemy tylko techniki prezentowane przez sensei`a i nie dodajemy w trakcie \u0107wicze\u0144 w\u0142asnych rozwi\u0105za\u0144 i nie ma miejsca na popisywanie si\u0119 swoimi umiej\u0119tno\u015bciami.<\/li><li>W razie nieobecno\u015bci sensei`a obowi\u0105zki w dojo przejmuje najstarszy stopniem ucze\u0144 (<strong>sempai).<\/strong><\/li><li>Je\u015bli sp\u00f3\u017animy si\u0119 na trening to siadamy na brzegu tatami w seiza i czekamy na znak sensei`a aby\u015bmy mogli rozpocz\u0105\u0107 trening.<\/li><li>Gdy sensei poprosi Ci\u0119 na \u015brodek do prezentacji, uk\u0142o\u0144 si\u0119 w pozycji seiza. \u00a0Po zako\u0144czonym pokazie uk\u0142o\u0144 si\u0119 ponownie w pozycji seiza.<\/li><li>Je\u015bli w czasie treningu sensei przekazuje Ci wskaz\u00f3wki uwa\u017cnie je obserwuj s\u0142uchaj, podzi\u0119kuj poprzez uk\u0142on i wr\u00f3\u0107 do \u0107wiczenia.<\/li><li>Aby zada\u0107 sensei pytanie podejd\u017a do niego i uk\u0142o\u0144 si\u0119\u00a0\u00a0w pozycji stoj\u0105ce. Wo\u0142anie z daleka jest niedopuszczalne.<\/li><li>Je\u017celi musisz koniecznie opu\u015bci\u0107 dojo, poinformuj \u00a0o tym wcze\u015bniej sensei`a.<\/li><li>Wszystkie \u0107wiczenia nale\u017cy wykonywa\u0107 z uwag\u0105 i bez dyskusji. Rozmow\u0119 ograniczmy do minimum.<\/li><li>Ka\u017cdy po wej\u015bciu do dojo wyjmuje z pokrowca bokken i jo, aby w razie potrzeby sprawnie rozpocz\u0105\u0107 trening z broni\u0105.<\/li><li>Sempai jest odpowiedzialny za kamiza. Przed treningiem wiesza <strong>gaku, kakemono <\/strong>a po treningu zdejmujeje.<\/li><li>Wszyscy trenuj\u0105cy w r\u00f3wnym stopniu odpowiadaj\u0105 za czysto\u015b\u0107 w dojo<\/li><li>Nieodzownym elementem etykiety jest higiena osobista. Twoje keikogi (kimono) powinno by\u0107 zawsze czyste. Poza tatami chodzimy zawsze w klapkach (zori). Paznokcie powinny by\u0107 kr\u00f3tkie.<\/li><li>Ze wzgl\u0119du na bezpiecze\u0144stwo zabrania si\u0119 noszenia w dodo r\u00f3\u017cnego rodzaju bi\u017cuterii. Panie powinny zmy\u0107 mocny makija\u017c (ze wzgl\u0119du na mo\u017cliwo\u015b\u0107 pobrudzenia kimon) i spi\u0105\u0107 d\u0142ugie w\u0142osy.<\/li><li>Niedopuszczalne jest uczestniczenie w zaj\u0119ciach pod wp\u0142ywem alkoholu lub innych \u015brodk\u00f3w odurzaj\u0105cych. Zabrania si\u0119 picia, jedzenia i \u017cucia gumy.<\/li><li>Przed wej\u015bciem na tatami nale\u017cy wyciszy\u0107 telefon. Zabrania si\u0119 robienia zdj\u0119\u0107, nagrywania film\u00f3w, bez wyra\u017anej zgody sensei`a.<\/li><li>W dojo osoby postronne mog\u0105 przebywa\u0107 tylko za zgod\u0105 sensei`a.<\/li><\/ol><p>Zasady obowi\u0105zuj\u0105ce w Dojo Aikido4Life Lublin pozwalaj\u0105 nam \u0107wiczy\u0107 bezpiecznie, a tak\u017ce rozwija\u0107 dyscyplin\u0119 wewn\u0119trzn\u0105 i stron\u0119 techniczna naszego treningu. Nale\u017cy pami\u0119ta\u0107, \u017ce nasze dojo nie jest miejscem na pokazywanie swojego ego. Przestrzeganie w\u0142a\u015bciwej etykiety w du\u017cym stopniu przyczynia si\u0119 do procesu uczenia i bezpiecze\u0144stwa ka\u017cdego adepta Aikido.<\/p><p>Pami\u0119tajmy , \u017ce etykieta dojo, tradycyjny japo\u0144ski str\u00f3j treningowy (kei kogi, hakama) to jest to co miedzy innymi odr\u00f3\u017cnia sztuki walki ( (w tym Aikido)\u00a0 od sport\u00f3w walki, gdzie te wszystkie aspekty s\u0105 pomijane i nie obowi\u0105zuj\u0105 \u0107wicz\u0105cych.<\/p>\t\t\t\t\t\t\t\t<\/div>\n\t\t\t\t<\/div>\n\t\t\t\t<div class=\"elementor-element elementor-element-20f0bab elementor-widget elementor-widget-image-gallery\" data-id=\"20f0bab\" data-element_type=\"widget\" data-e-type=\"widget\" data-widget_type=\"image-gallery.default\">\n\t\t\t\t<div class=\"elementor-widget-container\">\n\t\t\t\t\t\t\t<div class=\"elementor-image-gallery\">\n\t\t\t<div id='gallery-5' class='gallery galleryid-1313 gallery-columns-3 gallery-size-medium'><figure class='gallery-item'>\n\t\t\t<div class='gallery-icon portrait'>\n\t\t\t\t<a data-elementor-open-lightbox=\"yes\" data-elementor-lightbox-slideshow=\"20f0bab\" data-elementor-lightbox-title=\"Sta\u017c z Antonio Albanese Shihan Super Aikido Lublin Dojo Na\u0142kowskich (19)\" data-e-action-hash=\"#elementor-action%3Aaction%3Dlightbox%26settings%3DeyJpZCI6MzMzOCwidXJsIjoiaHR0cHM6XC9cL2Fpa2lkb2x1Ymxpbi5wbFwvd3AtY29udGVudFwvdXBsb2Fkc1wvMjAyMVwvMDFcL1N0YXotei1BbnRvbmlvLUFsYmFuZXNlLVNoaWhhbi1TdXBlci1BaWtpZG8tTHVibGluLURvam8tTmFsa293c2tpY2gtMTktMS5qcGciLCJzbGlkZXNob3ciOiIyMGYwYmFiIn0%3D\" href='https:\/\/aikidolublin.pl\/wp-content\/uploads\/2021\/01\/Staz-z-Antonio-Albanese-Shihan-Super-Aikido-Lublin-Dojo-Nalkowskich-19-1.jpg'><img fetchpriority=\"high\" decoding=\"async\" width=\"223\" height=\"300\" src=\"https:\/\/aikidolublin.pl\/wp-content\/uploads\/2021\/01\/Staz-z-Antonio-Albanese-Shihan-Super-Aikido-Lublin-Dojo-Nalkowskich-19-1-223x300.jpg\" class=\"attachment-medium size-medium\" alt=\"\" srcset=\"https:\/\/aikidolublin.pl\/wp-content\/uploads\/2021\/01\/Staz-z-Antonio-Albanese-Shihan-Super-Aikido-Lublin-Dojo-Nalkowskich-19-1-223x300.jpg 223w, https:\/\/aikidolublin.pl\/wp-content\/uploads\/2021\/01\/Staz-z-Antonio-Albanese-Shihan-Super-Aikido-Lublin-Dojo-Nalkowskich-19-1-762x1024.jpg 762w, https:\/\/aikidolublin.pl\/wp-content\/uploads\/2021\/01\/Staz-z-Antonio-Albanese-Shihan-Super-Aikido-Lublin-Dojo-Nalkowskich-19-1-768x1032.jpg 768w, https:\/\/aikidolublin.pl\/wp-content\/uploads\/2021\/01\/Staz-z-Antonio-Albanese-Shihan-Super-Aikido-Lublin-Dojo-Nalkowskich-19-1-1143x1536.jpg 1143w, https:\/\/aikidolublin.pl\/wp-content\/uploads\/2021\/01\/Staz-z-Antonio-Albanese-Shihan-Super-Aikido-Lublin-Dojo-Nalkowskich-19-1.jpg 1488w\" sizes=\"(max-width: 223px) 100vw, 223px\" \/><\/a>\n\t\t\t<\/div><\/figure><figure class='gallery-item'>\n\t\t\t<div class='gallery-icon landscape'>\n\t\t\t\t<a data-elementor-open-lightbox=\"yes\" data-elementor-lightbox-slideshow=\"20f0bab\" data-elementor-lightbox-title=\"Lublin Toni 2024.1\" data-e-action-hash=\"#elementor-action%3Aaction%3Dlightbox%26settings%3DeyJpZCI6MzQ1OTAsInVybCI6Imh0dHBzOlwvXC9haWtpZG9sdWJsaW4ucGxcL3dwLWNvbnRlbnRcL3VwbG9hZHNcLzIwMjRcLzA1XC9MdWJsaW4tVG9uaS0yMDI0LjEtMS5qcGciLCJzbGlkZXNob3ciOiIyMGYwYmFiIn0%3D\" href='https:\/\/aikidolublin.pl\/wp-content\/uploads\/2024\/05\/Lublin-Toni-2024.1-1.jpg'><img decoding=\"async\" width=\"300\" height=\"135\" src=\"https:\/\/aikidolublin.pl\/wp-content\/uploads\/2024\/05\/Lublin-Toni-2024.1-1-300x135.jpg\" class=\"attachment-medium size-medium\" alt=\"\" srcset=\"https:\/\/aikidolublin.pl\/wp-content\/uploads\/2024\/05\/Lublin-Toni-2024.1-1-300x135.jpg 300w, https:\/\/aikidolublin.pl\/wp-content\/uploads\/2024\/05\/Lublin-Toni-2024.1-1-1024x461.jpg 1024w, https:\/\/aikidolublin.pl\/wp-content\/uploads\/2024\/05\/Lublin-Toni-2024.1-1-768x345.jpg 768w, https:\/\/aikidolublin.pl\/wp-content\/uploads\/2024\/05\/Lublin-Toni-2024.1-1-1536x691.jpg 1536w, https:\/\/aikidolublin.pl\/wp-content\/uploads\/2024\/05\/Lublin-Toni-2024.1-1.jpg 2048w\" sizes=\"(max-width: 300px) 100vw, 300px\" \/><\/a>\n\t\t\t<\/div><\/figure><figure class='gallery-item'>\n\t\t\t<div class='gallery-icon portrait'>\n\t\t\t\t<a data-elementor-open-lightbox=\"yes\" data-elementor-lightbox-slideshow=\"20f0bab\" data-elementor-lightbox-title=\"Aikido-IQ-127\" data-e-action-hash=\"#elementor-action%3Aaction%3Dlightbox%26settings%3DeyJpZCI6MzU5NjgsInVybCI6Imh0dHBzOlwvXC9haWtpZG9sdWJsaW4ucGxcL3dwLWNvbnRlbnRcL3VwbG9hZHNcLzIwMjRcLzA5XC9BaWtpZG8tSVEtMTI3LTEuanBnIiwic2xpZGVzaG93IjoiMjBmMGJhYiJ9\" href='https:\/\/aikidolublin.pl\/wp-content\/uploads\/2024\/09\/Aikido-IQ-127-1.jpg'><img decoding=\"async\" width=\"225\" height=\"300\" src=\"https:\/\/aikidolublin.pl\/wp-content\/uploads\/2024\/09\/Aikido-IQ-127-1-225x300.jpg\" class=\"attachment-medium size-medium\" alt=\"\" srcset=\"https:\/\/aikidolublin.pl\/wp-content\/uploads\/2024\/09\/Aikido-IQ-127-1-225x300.jpg 225w, https:\/\/aikidolublin.pl\/wp-content\/uploads\/2024\/09\/Aikido-IQ-127-1-768x1024.jpg 768w, https:\/\/aikidolublin.pl\/wp-content\/uploads\/2024\/09\/Aikido-IQ-127-1.jpg 979w\" sizes=\"(max-width: 225px) 100vw, 225px\" \/><\/a>\n\t\t\t<\/div><\/figure>\n\t\t<\/div>\n\t\t<\/div>\n\t\t\t\t\t\t<\/div>\n\t\t\t\t<\/div>\n\t\t\t\t\t<\/div>\n\t\t\t\t<\/div>\n\t\t\t\t<\/div>\n\t\t","protected":false},"excerpt":{"rendered":"<p>Zasady obowi\u0105zuj\u0105ce w \u00a0Aikido4Life Lublin s\u0105 zgodne z duchem za\u0142o\u017cyciela Aikido Morihei Ueshiba O`Sensei. Cz\u0119sto bywa tak, \u017ce ludzie Zachodu (kr\u0119gu kultury europejskiej) wchodz\u0105c do dojo czuj\u0105 si\u0119 niekomfortowo z nieznanymi im uk\u0142onami i wieloma dziwnymi formami etykiety. Wielu uwa\u017ca, \u017ce te zasady s\u0105 przesadne i niepotrzebne. Jednak s\u0105 one wyrazem wzajemnego szacunku dla wszystkich praktykuj\u0105cych Aikido. ETYKIETA DOJO\u00a0 AIKIDO4LIFE LUBLIN Przed wej\u015bcie do Dojo w szatni zak\u0142adamy keikogi (ubi\u00f3r treningowy) i klapki (zori). Zaawansowani aikidocy wk\u0142adaj\u0105 ewentualnie hakama Wej\u015bcie i wyj\u015bcie z dojo powinno by\u0107 poprzedzone uk\u0142onem w pozycji stoj\u0105cej (tachi rei) w kierunku kamiza (\u015bciana g\u0142\u00f3wna z japo\u0144skim napisem aikido i portretem O`Sensei). Wchodz\u0105c na tatami (mat\u0119) dobrym zwyczajem jest uk\u0142on w pozycji kl\u0119cz\u0105cej (seiza rei). Przed i po treningu uczniowie przebywaj\u0105c w dojo powinni si\u0119 odpowiednio zachowywa\u0107, m\u00f3wi\u0107 cicho, nie obraca\u0107 si\u0119 ty\u0142em do kamizy i nie powinni przyjmowa\u0107 lekcewa\u017c\u0105cej postawy. Przed rozpocz\u0119ciem treningu siadamy w seiza na tatami z innymi\u00a0\u00a0 uczniami zgodnie z hierarchi\u0105 (stopniami) i czekamy na sensei`a (nauczyciela). Trening rozpoczyna kr\u00f3tka medytacja (mokuso). Po mokuso sensei i uczniowie wykonuj\u0105 uk\u0142on w stron\u0119 kamiza (shomen ni rei) i wzajemny (otogai ni rei) z wypowiedzianym (onegaishimasu) zaproszeniem do treningu. Po komendzie kiritsu na stoj\u0105co nast\u0119puje 3 uk\u0142on tachi rei. Na zako\u0144czenie treningu na has\u0142o sore made przyjmujemy pozycj\u0119 seiza i wykonujemy ponownie trzy uk\u0142ony: w stron\u0119 kamiza (shomen ni rei), wzajemy nauczyciela i uczni\u00f3w (otogai ni rei) z odpowiedzi\u0105 domo arigato gozaimashita (forma grzeczno\u015bciowa podzi\u0119kowania) i ostatni w pozycji stoj\u0105cej (tachi rei). W trakcie treningu rozpoczynaj\u0105c i ko\u0144cz\u0105c \u0107wiczenie ka\u017cdy k\u0142ania si\u0119 osobie wsp\u00f3\u0142\u0107wicz\u0105cej. Sensei przerywa trening komend\u0105 yame po kt\u00f3rej wszyscy siadaj\u0105 w seiza. Do rozpocz\u0119cia lub wznowienia \u0107wicze\u0144 s\u0142u\u017cy komenda W dojo obowi\u0105zuje \u0142ad organizacyjny i wzajemny szacunek do \u0107wicz\u0105cych. Nie wolno eksperymentowa\u0107 na zdrowiu partnera, a bezpiecze\u0144stwo jest nadrz\u0119dn\u0105 zasad\u0105 obowi\u0105zuj\u0105c\u0105 w dojo. Wszyscy aikidocy w r\u00f3wnym stopniu dbaj\u0105 o to aby nikomu nic si\u0119 nie sta\u0142o w trakcie treningu. W naszym dojo nie ma miejsca na arogancj\u0119. Nie wolno wykonywa\u0107 technik na \u201ew\u0142asn\u0105 r\u0119k\u0119\u201d, na si\u0142\u0119. Wykonujemy tylko techniki prezentowane przez sensei`a i nie dodajemy w trakcie \u0107wicze\u0144 w\u0142asnych rozwi\u0105za\u0144 i nie ma miejsca na popisywanie si\u0119 swoimi umiej\u0119tno\u015bciami. W razie nieobecno\u015bci sensei`a obowi\u0105zki w dojo przejmuje najstarszy stopniem ucze\u0144 (sempai). Je\u015bli sp\u00f3\u017animy si\u0119 na trening to siadamy na brzegu tatami w seiza i czekamy na znak sensei`a aby\u015bmy mogli rozpocz\u0105\u0107 trening. Gdy sensei poprosi Ci\u0119 na \u015brodek do prezentacji, uk\u0142o\u0144 si\u0119 w pozycji seiza. \u00a0Po zako\u0144czonym pokazie uk\u0142o\u0144 si\u0119 ponownie w pozycji seiza. Je\u015bli w czasie treningu sensei przekazuje Ci wskaz\u00f3wki uwa\u017cnie je obserwuj s\u0142uchaj, podzi\u0119kuj poprzez uk\u0142on i wr\u00f3\u0107 do \u0107wiczenia. Aby zada\u0107 sensei pytanie podejd\u017a do niego i uk\u0142o\u0144 si\u0119\u00a0\u00a0w pozycji stoj\u0105ce. Wo\u0142anie z daleka jest niedopuszczalne. Je\u017celi musisz koniecznie opu\u015bci\u0107 dojo, poinformuj \u00a0o tym wcze\u015bniej sensei`a. Wszystkie \u0107wiczenia nale\u017cy wykonywa\u0107 z uwag\u0105 i bez dyskusji. Rozmow\u0119 ograniczmy do minimum. Ka\u017cdy po wej\u015bciu do dojo wyjmuje z pokrowca bokken i jo, aby w razie potrzeby sprawnie rozpocz\u0105\u0107 trening z broni\u0105. Sempai jest odpowiedzialny za kamiza. Przed treningiem wiesza gaku, kakemono a po treningu zdejmujeje. Wszyscy trenuj\u0105cy w r\u00f3wnym stopniu odpowiadaj\u0105 za czysto\u015b\u0107 w dojo Nieodzownym elementem etykiety jest higiena osobista. Twoje keikogi (kimono) powinno by\u0107 zawsze czyste. Poza tatami chodzimy zawsze w klapkach (zori). Paznokcie powinny by\u0107 kr\u00f3tkie. Ze wzgl\u0119du na bezpiecze\u0144stwo zabrania si\u0119 noszenia w dodo r\u00f3\u017cnego rodzaju bi\u017cuterii. Panie powinny zmy\u0107 mocny makija\u017c (ze wzgl\u0119du na mo\u017cliwo\u015b\u0107 pobrudzenia kimon) i spi\u0105\u0107 d\u0142ugie w\u0142osy. Niedopuszczalne jest uczestniczenie w zaj\u0119ciach pod wp\u0142ywem alkoholu lub innych \u015brodk\u00f3w odurzaj\u0105cych. Zabrania si\u0119 picia, jedzenia i \u017cucia gumy. Przed wej\u015bciem na tatami nale\u017cy wyciszy\u0107 telefon. Zabrania si\u0119 robienia zdj\u0119\u0107, nagrywania film\u00f3w, bez wyra\u017anej zgody sensei`a. W dojo osoby postronne mog\u0105 przebywa\u0107 tylko za zgod\u0105 sensei`a. Zasady obowi\u0105zuj\u0105ce w Dojo Aikido4Life Lublin pozwalaj\u0105 nam \u0107wiczy\u0107 bezpiecznie, a tak\u017ce rozwija\u0107 dyscyplin\u0119 wewn\u0119trzn\u0105 i stron\u0119 techniczna naszego treningu. Nale\u017cy pami\u0119ta\u0107, \u017ce nasze dojo nie jest miejscem na pokazywanie swojego ego. Przestrzeganie w\u0142a\u015bciwej etykiety w du\u017cym stopniu przyczynia si\u0119 do procesu uczenia i bezpiecze\u0144stwa ka\u017cdego adepta Aikido. Pami\u0119tajmy , \u017ce etykieta dojo, tradycyjny japo\u0144ski str\u00f3j treningowy (kei kogi, hakama) to jest to co miedzy innymi odr\u00f3\u017cnia sztuki walki ( (w tym Aikido)\u00a0 od sport\u00f3w walki, gdzie te wszystkie aspekty s\u0105 pomijane i nie obowi\u0105zuj\u0105 \u0107wicz\u0105cych.<\/p>\n","protected":false},"author":1,"featured_media":0,"parent":0,"menu_order":0,"comment_status":"closed","ping_status":"closed","template":"","meta":{"om_disable_all_campaigns":false,"_monsterinsights_skip_tracking":false,"_monsterinsights_sitenote_active":false,"_monsterinsights_sitenote_note":"","_monsterinsights_sitenote_category":0,"_uf_show_specific_survey":0,"_uf_disable_surveys":false,"footnotes":""},"class_list":["post-1313","page","type-page","status-publish","hentry"],"aioseo_notices":[],"_links":{"self":[{"href":"https:\/\/aikidolublin.pl\/index.php?rest_route=\/wp\/v2\/pages\/1313","targetHints":{"allow":["GET"]}}],"collection":[{"href":"https:\/\/aikidolublin.pl\/index.php?rest_route=\/wp\/v2\/pages"}],"about":[{"href":"https:\/\/aikidolublin.pl\/index.php?rest_route=\/wp\/v2\/types\/page"}],"author":[{"embeddable":true,"href":"https:\/\/aikidolublin.pl\/index.php?rest_route=\/wp\/v2\/users\/1"}],"replies":[{"embeddable":true,"href":"https:\/\/aikidolublin.pl\/index.php?rest_route=%2Fwp%2Fv2%2Fcomments&post=1313"}],"version-history":[{"count":16,"href":"https:\/\/aikidolublin.pl\/index.php?rest_route=\/wp\/v2\/pages\/1313\/revisions"}],"predecessor-version":[{"id":36344,"href":"https:\/\/aikidolublin.pl\/index.php?rest_route=\/wp\/v2\/pages\/1313\/revisions\/36344"}],"wp:attachment":[{"href":"https:\/\/aikidolublin.pl\/index.php?rest_route=%2Fwp%2Fv2%2Fmedia&parent=1313"}],"curies":[{"name":"wp","href":"https:\/\/api.w.org\/{rel}","templated":true}]}}