{"id":305,"date":"2015-09-10T08:34:55","date_gmt":"2015-09-10T06:34:55","guid":{"rendered":"http:\/\/aikido.krewniacy.pl\/?page_id=37"},"modified":"2025-08-19T17:43:59","modified_gmt":"2025-08-19T15:43:59","slug":"kontakt-aikido-lublin","status":"publish","type":"page","link":"https:\/\/aikidolublin.pl\/?page_id=305","title":{"rendered":"Kontakt"},"content":{"rendered":"\t\t<div data-elementor-type=\"wp-page\" data-elementor-id=\"305\" class=\"elementor elementor-305\">\n\t\t\t\t<div class=\"elementor-element elementor-element-145e9157 e-flex e-con-boxed wpr-particle-no wpr-jarallax-no wpr-parallax-no wpr-sticky-section-no wpr-column-slider-no wpr-equal-height-no e-con e-parent\" data-id=\"145e9157\" data-element_type=\"container\" data-e-type=\"container\">\n\t\t\t\t\t<div class=\"e-con-inner\">\n\t\t\t\t<div class=\"elementor-element elementor-element-318d6122 elementor-widget elementor-widget-text-editor\" data-id=\"318d6122\" data-element_type=\"widget\" data-e-type=\"widget\" data-widget_type=\"text-editor.default\">\n\t\t\t\t<div class=\"elementor-widget-container\">\n\t\t\t\t\t\t\t\t\t<h4><span dir=\"auto\" style=\"vertical-align: inherit;\"><span dir=\"auto\" style=\"vertical-align: inherit;\"><span dir=\"auto\" style=\"vertical-align: inherit;\"><span dir=\"auto\" style=\"vertical-align: inherit;\"><span dir=\"auto\" style=\"vertical-align: inherit;\"><span dir=\"auto\" style=\"vertical-align: inherit;\">Miros\u0142aw Przybylski Sensei 6 DAN<\/span><\/span><\/span><\/span><\/span><\/span><\/h4><p><strong><span dir=\"auto\" style=\"vertical-align: inherit;\"><span dir=\"auto\" style=\"vertical-align: inherit;\"><span dir=\"auto\" style=\"vertical-align: inherit;\"><span dir=\"auto\" style=\"vertical-align: inherit;\"><span dir=\"auto\" style=\"vertical-align: inherit;\"><span dir=\"auto\" style=\"vertical-align: inherit;\">e-mail:<\/span><\/span><\/span><\/span><\/span><\/span><\/strong><span dir=\"auto\" style=\"vertical-align: inherit;\"><span dir=\"auto\" style=\"vertical-align: inherit;\"><span dir=\"auto\" style=\"vertical-align: inherit;\"><span dir=\"auto\" style=\"vertical-align: inherit;\"><span dir=\"auto\" style=\"vertical-align: inherit;\"><span dir=\"auto\" style=\"vertical-align: inherit;\"> kontakt@aikidolublin.pl, miroslaw_przybylski@wp.pl, mirek.prz@gmail.com<\/span><\/span><\/span><\/span><\/span><\/span><\/p><p><strong><span dir=\"auto\" style=\"vertical-align: inherit;\"><span dir=\"auto\" style=\"vertical-align: inherit;\"><span dir=\"auto\" style=\"vertical-align: inherit;\"><span dir=\"auto\" style=\"vertical-align: inherit;\"><span dir=\"auto\" style=\"vertical-align: inherit;\"><span dir=\"auto\" style=\"vertical-align: inherit;\">tel. +48 784 120 520<\/span><\/span><\/span><\/span><\/span><\/span><\/strong><\/p><p><span dir=\"auto\" style=\"vertical-align: inherit;\"><span dir=\"auto\" style=\"vertical-align: inherit;\"><span dir=\"auto\" style=\"vertical-align: inherit;\"><span dir=\"auto\" style=\"vertical-align: inherit;\"><span dir=\"auto\" style=\"vertical-align: inherit;\"><span dir=\"auto\" style=\"vertical-align: inherit;\">Treningi odbywaj\u0105 si\u0119 w Lublinie w czterech lokalizacjach:<\/span><\/span><\/span><\/span><\/span><\/span><\/p><ul><li><span dir=\"auto\" style=\"vertical-align: inherit;\"><span dir=\"auto\" style=\"vertical-align: inherit;\"><span dir=\"auto\" style=\"vertical-align: inherit;\"><span dir=\"auto\" style=\"vertical-align: inherit;\"><span dir=\"auto\" style=\"vertical-align: inherit;\"><span dir=\"auto\" style=\"vertical-align: inherit;\">DOJO SP 28, ul. Rado\u015bci 13;<\/span><\/span><\/span><\/span><\/span><\/span><\/li><li><span dir=\"auto\" style=\"vertical-align: inherit;\"><span dir=\"auto\" style=\"vertical-align: inherit;\"><span dir=\"auto\" style=\"vertical-align: inherit;\"><span dir=\"auto\" style=\"vertical-align: inherit;\"><span dir=\"auto\" style=\"vertical-align: inherit;\"><span dir=\"auto\" style=\"vertical-align: inherit;\">DOJO SP 30, ul. Na\u0142kowskich 110;<\/span><\/span><\/span><\/span><\/span><\/span><\/li><li><span dir=\"auto\" style=\"vertical-align: inherit;\"><span dir=\"auto\" style=\"vertical-align: inherit;\"><span dir=\"auto\" style=\"vertical-align: inherit;\"><span dir=\"auto\" style=\"vertical-align: inherit;\"><span dir=\"auto\" style=\"vertical-align: inherit;\"><span dir=\"auto\" style=\"vertical-align: inherit;\">DOJO ZSO 4, ul. Tumidajskiego 6A;<\/span><\/span><\/span><\/span><\/span><\/span><\/li><li><span dir=\"auto\" style=\"vertical-align: inherit;\"><span dir=\"auto\" style=\"vertical-align: inherit;\"><span dir=\"auto\" style=\"vertical-align: inherit;\"><span dir=\"auto\" style=\"vertical-align: inherit;\"><span dir=\"auto\" style=\"vertical-align: inherit;\"><span dir=\"auto\" style=\"vertical-align: inherit;\">DOJO NOWY \u015aWIAT, ul. Nowy \u015awiat 34C<\/span><\/span><\/span><\/span><\/span><\/span><\/li><\/ul><p><img fetchpriority=\"high\" decoding=\"async\" class=\"wp-image-34634 aligncenter\" src=\"https:\/\/aikidolublin.pl\/wp-content\/uploads\/2024\/09\/Trening-Super-Aikido-Lublin-Kozlowiecki-Park-Krajobrazowy-5-200x300-1.jpg\" alt=\"\" width=\"277\" height=\"416\" \/><\/p>\t\t\t\t\t\t\t\t<\/div>\n\t\t\t\t<\/div>\n\t\t\t\t\t<\/div>\n\t\t\t\t<\/div>\n\t\t<div class=\"elementor-element elementor-element-a8f42c6 e-grid e-con-boxed wpr-particle-no wpr-jarallax-no wpr-parallax-no wpr-sticky-section-no wpr-column-slider-no wpr-equal-height-no e-con e-parent\" data-id=\"a8f42c6\" data-element_type=\"container\" data-e-type=\"container\">\n\t\t\t\t\t<div class=\"e-con-inner\">\n\t\t\t\t<div class=\"elementor-element elementor-element-e7d712e elementor-widget elementor-widget-google_maps\" data-id=\"e7d712e\" data-element_type=\"widget\" data-e-type=\"widget\" data-widget_type=\"google_maps.default\">\n\t\t\t\t<div class=\"elementor-widget-container\">\n\t\t\t\t\t\t\t<div class=\"elementor-custom-embed\">\n\t\t\t<iframe loading=\"lazy\"\n\t\t\t\t\tsrc=\"https:\/\/maps.google.com\/maps?q=SP%2028%20Rado%C5%9Bci%2013%2C%20Lublin&#038;t=m&#038;z=13&#038;output=embed&#038;iwloc=near\"\n\t\t\t\t\ttitle=\"SP 28 Rado\u015bci 13, Lublin\"\n\t\t\t\t\taria-label=\"SP 28 Rado\u015bci 13, Lublin\"\n\t\t\t><\/iframe>\n\t\t<\/div>\n\t\t\t\t\t\t<\/div>\n\t\t\t\t<\/div>\n\t\t\t\t<div class=\"elementor-element elementor-element-8f9b363 elementor-widget elementor-widget-google_maps\" data-id=\"8f9b363\" data-element_type=\"widget\" data-e-type=\"widget\" data-widget_type=\"google_maps.default\">\n\t\t\t\t<div class=\"elementor-widget-container\">\n\t\t\t\t\t\t\t<div class=\"elementor-custom-embed\">\n\t\t\t<iframe loading=\"lazy\"\n\t\t\t\t\tsrc=\"https:\/\/maps.google.com\/maps?q=DOJO%20SP%2030%2C%20ul.%20Na%C5%82kowskich%20110%3B&#038;t=m&#038;z=13&#038;output=embed&#038;iwloc=near\"\n\t\t\t\t\ttitle=\"DOJO SP 30, ul. Na\u0142kowskich 110;\"\n\t\t\t\t\taria-label=\"DOJO SP 30, ul. Na\u0142kowskich 110;\"\n\t\t\t><\/iframe>\n\t\t<\/div>\n\t\t\t\t\t\t<\/div>\n\t\t\t\t<\/div>\n\t\t\t\t<div class=\"elementor-element elementor-element-e6eb661 elementor-widget elementor-widget-google_maps\" data-id=\"e6eb661\" data-element_type=\"widget\" data-e-type=\"widget\" data-widget_type=\"google_maps.default\">\n\t\t\t\t<div class=\"elementor-widget-container\">\n\t\t\t\t\t\t\t<div class=\"elementor-custom-embed\">\n\t\t\t<iframe loading=\"lazy\"\n\t\t\t\t\tsrc=\"https:\/\/maps.google.com\/maps?q=DOJO%20ZSO%204%2C%20ul.%20Tumidajskiego%206A&#038;t=m&#038;z=13&#038;output=embed&#038;iwloc=near\"\n\t\t\t\t\ttitle=\"DOJO ZSO 4, ul. Tumidajskiego 6A\"\n\t\t\t\t\taria-label=\"DOJO ZSO 4, ul. Tumidajskiego 6A\"\n\t\t\t><\/iframe>\n\t\t<\/div>\n\t\t\t\t\t\t<\/div>\n\t\t\t\t<\/div>\n\t\t\t\t<div class=\"elementor-element elementor-element-6e546b3 elementor-widget elementor-widget-google_maps\" data-id=\"6e546b3\" data-element_type=\"widget\" data-e-type=\"widget\" data-widget_type=\"google_maps.default\">\n\t\t\t\t<div class=\"elementor-widget-container\">\n\t\t\t\t\t\t\t<div class=\"elementor-custom-embed\">\n\t\t\t<iframe loading=\"lazy\"\n\t\t\t\t\tsrc=\"https:\/\/maps.google.com\/maps?q=DOJO%20NOWY%20%C5%9AWIAT%2C%20ul.%20Nowy%20%C5%9Awiat%2034C&#038;t=m&#038;z=13&#038;output=embed&#038;iwloc=near\"\n\t\t\t\t\ttitle=\"DOJO NOWY \u015aWIAT, ul. Nowy \u015awiat 34C\"\n\t\t\t\t\taria-label=\"DOJO NOWY \u015aWIAT, ul. Nowy \u015awiat 34C\"\n\t\t\t><\/iframe>\n\t\t<\/div>\n\t\t\t\t\t\t<\/div>\n\t\t\t\t<\/div>\n\t\t\t\t\t<\/div>\n\t\t\t\t<\/div>\n\t\t\t\t<\/div>\n\t\t","protected":false},"excerpt":{"rendered":"<p>Miros\u0142aw Przybylski Sensei 6 DAN e-mail: kontakt@aikidolublin.pl, miroslaw_przybylski@wp.pl, mirek.prz@gmail.com tel. +48 784 120 520 Treningi odbywaj\u0105 si\u0119 w Lublinie w czterech lokalizacjach: DOJO SP 28, ul. Rado\u015bci 13; DOJO SP 30, ul. Na\u0142kowskich 110; DOJO ZSO 4, ul. Tumidajskiego 6A; DOJO NOWY \u015aWIAT, ul. Nowy \u015awiat 34C<\/p>\n","protected":false},"author":1,"featured_media":0,"parent":0,"menu_order":0,"comment_status":"closed","ping_status":"closed","template":"","meta":{"om_disable_all_campaigns":false,"_monsterinsights_skip_tracking":false,"_monsterinsights_sitenote_active":false,"_monsterinsights_sitenote_note":"","_monsterinsights_sitenote_category":0,"_uf_show_specific_survey":0,"_uf_disable_surveys":false,"footnotes":""},"class_list":["post-305","page","type-page","status-publish","hentry"],"aioseo_notices":[],"_links":{"self":[{"href":"https:\/\/aikidolublin.pl\/index.php?rest_route=\/wp\/v2\/pages\/305","targetHints":{"allow":["GET"]}}],"collection":[{"href":"https:\/\/aikidolublin.pl\/index.php?rest_route=\/wp\/v2\/pages"}],"about":[{"href":"https:\/\/aikidolublin.pl\/index.php?rest_route=\/wp\/v2\/types\/page"}],"author":[{"embeddable":true,"href":"https:\/\/aikidolublin.pl\/index.php?rest_route=\/wp\/v2\/users\/1"}],"replies":[{"embeddable":true,"href":"https:\/\/aikidolublin.pl\/index.php?rest_route=%2Fwp%2Fv2%2Fcomments&post=305"}],"version-history":[{"count":17,"href":"https:\/\/aikidolublin.pl\/index.php?rest_route=\/wp\/v2\/pages\/305\/revisions"}],"predecessor-version":[{"id":36340,"href":"https:\/\/aikidolublin.pl\/index.php?rest_route=\/wp\/v2\/pages\/305\/revisions\/36340"}],"wp:attachment":[{"href":"https:\/\/aikidolublin.pl\/index.php?rest_route=%2Fwp%2Fv2%2Fmedia&parent=305"}],"curies":[{"name":"wp","href":"https:\/\/api.w.org\/{rel}","templated":true}]}}