{"id":36146,"date":"2025-01-18T15:48:39","date_gmt":"2025-01-18T14:48:39","guid":{"rendered":"https:\/\/aikidolublin.pl\/?page_id=36146"},"modified":"2025-01-18T16:31:18","modified_gmt":"2025-01-18T15:31:18","slug":"o-nas","status":"publish","type":"page","link":"https:\/\/aikidolublin.pl\/?page_id=36146","title":{"rendered":"O NAS"},"content":{"rendered":"\t\t<div data-elementor-type=\"wp-page\" data-elementor-id=\"36146\" class=\"elementor elementor-36146\">\n\t\t\t\t<div class=\"elementor-element elementor-element-87240a0 e-flex e-con-boxed wpr-particle-no wpr-jarallax-no wpr-parallax-no wpr-sticky-section-no wpr-column-slider-no wpr-equal-height-no e-con e-parent\" data-id=\"87240a0\" data-element_type=\"container\" data-e-type=\"container\">\n\t\t\t\t\t<div class=\"e-con-inner\">\n\t\t\t\t<div class=\"elementor-element elementor-element-300ec46 elementor-widget elementor-widget-image\" data-id=\"300ec46\" data-element_type=\"widget\" data-e-type=\"widget\" data-widget_type=\"image.default\">\n\t\t\t\t<div class=\"elementor-widget-container\">\n\t\t\t\t\t\t\t\t\t\t\t\t\t\t\t<img fetchpriority=\"high\" decoding=\"async\" width=\"960\" height=\"612\" src=\"https:\/\/aikidolublin.pl\/wp-content\/uploads\/2025\/01\/aikido-1024x653.jpg\" class=\"attachment-large size-large wp-image-36152\" alt=\"\" srcset=\"https:\/\/aikidolublin.pl\/wp-content\/uploads\/2025\/01\/aikido-1024x653.jpg 1024w, https:\/\/aikidolublin.pl\/wp-content\/uploads\/2025\/01\/aikido-300x191.jpg 300w, https:\/\/aikidolublin.pl\/wp-content\/uploads\/2025\/01\/aikido-768x490.jpg 768w, https:\/\/aikidolublin.pl\/wp-content\/uploads\/2025\/01\/aikido.jpg 1038w\" sizes=\"(max-width: 960px) 100vw, 960px\" \/>\t\t\t\t\t\t\t\t\t\t\t\t\t\t\t<\/div>\n\t\t\t\t<\/div>\n\t\t\t\t\t<\/div>\n\t\t\t\t<\/div>\n\t\t<div class=\"elementor-element elementor-element-7f1f840 e-flex e-con-boxed wpr-particle-no wpr-jarallax-no wpr-parallax-no wpr-sticky-section-no wpr-column-slider-no wpr-equal-height-no e-con e-parent\" data-id=\"7f1f840\" data-element_type=\"container\" data-e-type=\"container\">\n\t\t\t\t\t<div class=\"e-con-inner\">\n\t\t\t\t<div class=\"elementor-element elementor-element-2bcca75 elementor-widget elementor-widget-text-editor\" data-id=\"2bcca75\" data-element_type=\"widget\" data-e-type=\"widget\" data-widget_type=\"text-editor.default\">\n\t\t\t\t<div class=\"elementor-widget-container\">\n\t\t\t\t\t\t\t\t\t<h4>Nasza szko\u0142a Aikido4Life Lublin zosta\u0142a za\u0142o\u017cona we wrze\u015bniu 2015 roku przez Miros\u0142awa Przybylskiego.<\/h4><p>Pocz\u0105tki aikido w Lublinie si\u0119gaj\u0105 1985 roku. <strong>16-go lutego 1985<\/strong> roku odby\u0142o si\u0119 w Lublinie pierwsze seminarium aikido prowadzone przez <strong>Czes\u0142awa Poczykowskiego Sensei<\/strong>. Zosta\u0142 on zaproszony do Lublina przez dw\u00f3ch pasjonat\u00f3w sztuk walki Janusza Malca i Bogdana Proca, kt\u00f3rzy uprawiali karate kyokushinkai. Niew\u0105tpliwie to wydarzenie mo\u017cemy przyj\u0105\u0107 za pocz\u0105tki aikido w Lublinie. Nadmieni\u0107 nale\u017cy, \u017ce Czes\u0142aw Poczykowski by\u0142 w grupie pierwszych 8 os\u00f3b w Polsce, kt\u00f3re otrzyma\u0142y w 1986 roku I dan aikido. Godne uwagi jest to, \u017ce stopnie te nada\u0142 Polakom Japo\u0144czyk Sensei Toshikazu Ichimura. Sensei Ichimura propagowa\u0142 w tamtym czasie aikido w Skandynawii i posiada\u0142 6 dan. Rok wcze\u015bniej z inicjatywy lubelskich taekwondek\u00f3w by\u0142y podejmowane pr\u00f3by zaszczepienia aikido w naszym mie\u015bcie przez Jacka Wysockiego Sensei pochodz\u0105cego ze Szczecina. Zaj\u0119cia odbywa\u0142y si\u0119 sporadycznie w Szkole Podstawowej nr 33 przy ul. Pogodnej. Jednak ze wzgl\u0119du na du\u017c\u0105 odleg\u0142o\u015b\u0107 zamieszkiwania Jacka Wysockiego i w wyniku braku wyszkolonych instruktor\u00f3w w Lublinie idea ta szybko upad\u0142a. Dopiero zaanga\u017cowanie Senseia Czes\u0142awa Poczykowskiego, kt\u00f3ry zamieszka\u0142 w 1985 roku w Lublinie, doprowadzi\u0142o do postania pierwszej formalnej organizacji aikido w Lublinie. Zacz\u0119li\u015bmy trenowa\u0107 w ramach sekcji Klubu Uczelnianego AZS UMCS w pawilonie sport\u00f3w walki MOSIR przy Al. Zygmuntowskich. W tym te\u017c roku treningi aikido rozpocz\u0105\u0142 Miros\u0142aw Przybylski. Senesei Czes\u0142aw Poczykowski naucza\u0142 aikido w Lublinie przez rok i pod koniec 1986 roku wyjecha\u0142 z Lublina. Jego misj\u0119 kontynuowa\u0142 Jerzy Gorze\u0144, kt\u00f3ry zosta\u0142 \u201enamaszczony\u201d do prowadzenia trening\u00f3w przez Sensei Poczykowskiego jako wyr\u00f3\u017cniaj\u0105cy si\u0119 ucze\u0144. Pomaga\u0142 mu w tym czasie Miros\u0142aw Przybylski. W 1987 roku Miros\u0142aw Przybylski wraz z Jerzym Gorzeniem jako pierwsi aikidocy z Lublina uczestniczyli w kursie instruktor\u00f3w aikido w Nowym Targu.<\/p><p>Nadmieni\u0107 nale\u017cy, \u017ce na pocz\u0105tku funkcjonowali\u015bmy w ramach g\u0142\u00f3wnego nurtu aikido Aikikai. Chocia\u017c pocz\u0105tki by\u0142y trudne ze wzgl\u0119du na ograniczony dost\u0119p do wykwalifikowanych instruktor\u00f3w, to nadrabiali\u015bmy zapa\u0142em i ch\u0119ciami. Grupy \u0107wicz\u0105cych aikido w dojo w Lublinie liczy\u0142y po kilkadziesi\u0105t os\u00f3b i sale \u201ep\u0119ka\u0142y w szwach\u201d. Z pewno\u015bci\u0105 lata 80 ubieg\u0142ego wieku to by\u0142 czas najwi\u0119kszego rozkwitu sztuk walki w Polsce i Lublinie. W roku 1987 od\u0142\u0105czy\u0142 si\u0119 od nas Ryszard J\u00f3\u017awik. Zacz\u0105\u0142 on prowadzi\u0107 zaj\u0119cia aikido w pawilonie judo na Lubliniance przy ul. Leszczy\u0144skiego. Wtedy te\u017c nawi\u0105zali\u015bmy na sta\u0142e \u015bcis\u0142\u0105 wsp\u00f3\u0142prac\u0119 z Sensei Jackiem Wysockim ze Szczecina. W rezultacie tego zacz\u0119li\u015bmy uprawia\u0107 w Lublinie aikido stylu Kobayashi Ryu. By\u0142 to okres cz\u0119stych wyjazd\u00f3w do Szczecina na sta\u017ce z mistrzami aikido Giampietro Savegnago z W\u0142och i Andre Cognard z Francji. Z tego okresu warto wymieni\u0107 dwa wa\u017cne wydarzenia. W 1986 roku go\u015bcili\u015bmy na sta\u017cu aikido w Lublinie Sensei Pat Hendricks z USA. Posiada\u0142a ona w\u00f3wczas 3 dan aikido (obecnie 7 dan AIKIKAI). Natomiast w 1987 roku sta\u017c aikido w naszym dojo prowadzi\u0142 Sensei Andre Cognard. Mistrz Cognard mia\u0142 wtedy 4 dan aikido (obecnie Hanshi 8 dan<strong>)<\/strong>.<\/p><p>W 1990 roku zosta\u0142a za\u0142o\u017cona przez Sensei Ireneusza Ko\u0142odziejaka Lubelska Akademia Aikido. By\u0142a to trzecia w Lublinie szko\u0142a aikido stylu Kobayashi. Po kilku latach szko\u0142a Sensei Ryszarda J\u00f3\u017awika na Lubliniance, ze wzgl\u0119du na wycofanie si\u0119 przez niego z aktywno\u015bci, rozpad\u0142a si\u0119. Treningi w tym miejscu zacz\u0105\u0142 prowadzi\u0107 Sensei Ireneusz Ko\u0142odziejak. Natomiast nast\u0119pne lata to dynamiczny rozw\u00f3j aikido na Lubelszczy\u017anie. Powstaj\u0105 sekcje aikido w Bia\u0142ej Podlaskiej, Radzyniu Podlaskim, Zamo\u015bciu, Che\u0142mie, \u0141\u0119cznej.<\/p><p>W 1995 roku Sensei Marcin Velinov organizuje treningi aikido w Che\u0142mie. By\u0142a to pierwsza sekcja szko\u0142y Aikido4life. Sensei Marcin Velinov rozwija dynamicznie aikido w Che\u0142mie przez 3,5 roku. Wspomaga go w tych dzia\u0142aniach Sensei Miros\u0142aw Przybylski, kt\u00f3ry w\u00f3wczas pracuje w Che\u0142mie. Po przeprowadzce Sensei Marcina Velinova do Warszawy prowadzenie trening\u00f3w aikido w Che\u0142mie przejmuje Lubelska Akademia Aikido. W roku 1997 Sensei Miros\u0142aw Przybylski zak\u0142ada szko\u0142\u0119 aikido w \u0141\u0119cznej ko\u0142o Lublina. Jednak ze wzgl\u0119du na wysokie koszty funkcjonowania w 2000 roku szko\u0142a zostaje rozwi\u0105zana, a wi\u0119kszo\u015b\u0107 \u0107wicz\u0105cych zaczyna przyje\u017cd\u017ca\u0107 na treningi do Lublina. Po zamieszkaniu w Warszawie w 1998 roku Sensei Marcin Velinov powo\u0142uje pierwsz\u0105 w Warszawie szko\u0142\u0119 aikido stylu Hirokazu Kobayashi. Szko\u0142a funkcjonuje pod nazw\u0105 Aikido IQ Academy.<\/p><p>W naszej szkole aikido w latach 90-tych powsta\u0142a idea promowania honorowego krwiodawstwa najpierw w\u015br\u00f3d sportowc\u00f3w, p\u00f3\u017aniej w ca\u0142ym spo\u0142ecze\u0144stwie. Marcin Velinov powo\u0142a\u0142 Fundacj\u0119 Krewniacy, kt\u00f3ra mi\u0119dzy innymi stworzy\u0142a najwi\u0119ksz\u0105 kampani\u0119 honorowego krwiodawstwa w historii TVP. Fundacj\u0119 Krewniacy wspiera bardzo wielu znanych sportowc\u00f3w i aktor\u00f3w oraz gwiazd show biznesu. Nazwa naszej szko\u0142y aikido <strong>Aikdo4life <\/strong>ma \u015bcis\u0142y zwi\u0105zek z szerzeniem idei honorowego krwiodawstwa.<\/p><p>Po \u015bmierci naszego mentora i mistrza Shihana Giampietro Savegnago w 2013 roku nawi\u0105zali\u015bmy bardzo blisk\u0105 wsp\u00f3\u0142prac\u0119 z aikidokami z W\u0142och, kt\u00f3rym przewodzi ucze\u0144 Maestro Savegnago Antonio Albanese Shihan 7 DAN. Cz\u0119sto prowadzimy wsp\u00f3lne sta\u017ce aikido, obozy sportowe oraz pokazy aikido we W\u0142oszech i w Polsce.<\/p><h4>W 2015 roku z inicjatywy Miros\u0142awa Przybylskiego\u00a0 powstaje w Lublinie sekcja Aikido4life Lublin<\/h4><p>Zaj\u0119cia pocz\u0105tkowo s\u0105 prowadzone w <strong>SP nr 30 przy ul. Na\u0142kowskich 110. <\/strong>Kolejne lata to dynamiczny rozw\u00f3j naszej szko\u0142y aikido w Lublinie, kt\u00f3ry owocuje powstaniem w 2018 rok dw\u00f3ch nowych dojo w Lublinie w <strong>SP nr 28 na ul. Rado\u015bci 13 i w ZSO nr 4 na ul. Tumidajskiego 6A.<\/strong> W 2020 roku zostaje otwarte ostatnie dojo w Lublinie przy <strong>ul. Nowy \u015awiat 34 C<\/strong>, kt\u00f3re sta\u0142o si\u0119\u00a0 naszym g\u0142\u00f3wnym dojo w tym\u00a0 mie\u015bcie. Obecnie nasza szko\u0142a aikido posiada 4 dojo w Lublinie.<\/p><p>W ci\u0105gu wielu lat funkcjonowania naszej szko\u0142y przewin\u0119\u0142o si\u0119 przez nasze sale treningowe setki wychowank\u00f3w, zar\u00f3wno dzieci jak i doros\u0142ych. Historia <strong>Aikido4life Lublin<\/strong>, opr\u00f3cz codziennych trening\u00f3w, obejmuje wsp\u00f3lnie sp\u0119dzone chwile poza dojo. Co roku s\u0105 organizowane przez nas obozy zimowe i letnie, sta\u017ce w Polsce i za granic\u0105, pokazy aikido. Wsp\u00f3lnie \u015bwi\u0119tujemy r\u00f3\u017cnego rodzaju uroczysto\u015bci. Nasza historia to s\u0105 przyja\u017anie na ca\u0142e \u017cycie, to historia ludzi po\u0142\u0105czonych wsp\u00f3ln\u0105 pasja jak\u0105 jest aikido.<\/p><h4>Chcesz tworzy\u0107 now\u0105 histori\u0119 aikido w Lublinie? Do\u0142\u0105cz do nas i podejmij wyzwanie !!!<\/h4><p>\u00a0<\/p>\t\t\t\t\t\t\t\t<\/div>\n\t\t\t\t<\/div>\n\t\t\t\t\t<\/div>\n\t\t\t\t<\/div>\n\t\t<div class=\"elementor-element elementor-element-0bcb6be e-grid e-con-boxed wpr-particle-no wpr-jarallax-no wpr-parallax-no wpr-sticky-section-no wpr-column-slider-no wpr-equal-height-no e-con e-parent\" data-id=\"0bcb6be\" data-element_type=\"container\" data-e-type=\"container\">\n\t\t\t\t\t<div class=\"e-con-inner\">\n\t\t\t\t<div class=\"elementor-element elementor-element-a5be72c elementor-widget elementor-widget-image\" data-id=\"a5be72c\" data-element_type=\"widget\" data-e-type=\"widget\" data-widget_type=\"image.default\">\n\t\t\t\t<div class=\"elementor-widget-container\">\n\t\t\t\t\t\t\t\t\t\t\t\t\t\t\t<img decoding=\"async\" width=\"648\" height=\"981\" src=\"https:\/\/aikidolublin.pl\/wp-content\/uploads\/2025\/01\/MOSiR-Marcin-Mirek.jpg\" class=\"attachment-large size-large wp-image-36156\" alt=\"\" srcset=\"https:\/\/aikidolublin.pl\/wp-content\/uploads\/2025\/01\/MOSiR-Marcin-Mirek.jpg 648w, https:\/\/aikidolublin.pl\/wp-content\/uploads\/2025\/01\/MOSiR-Marcin-Mirek-198x300.jpg 198w\" sizes=\"(max-width: 648px) 100vw, 648px\" \/>\t\t\t\t\t\t\t\t\t\t\t\t\t\t\t<\/div>\n\t\t\t\t<\/div>\n\t\t\t\t<div class=\"elementor-element elementor-element-7545b1d elementor-widget elementor-widget-image\" data-id=\"7545b1d\" data-element_type=\"widget\" data-e-type=\"widget\" data-widget_type=\"image.default\">\n\t\t\t\t<div class=\"elementor-widget-container\">\n\t\t\t\t\t\t\t\t\t\t\t\t\t\t\t<img decoding=\"async\" width=\"768\" height=\"1045\" src=\"https:\/\/aikidolublin.pl\/wp-content\/uploads\/2025\/01\/PLAKAT-768x1045.jpg\" class=\"attachment-medium_large size-medium_large wp-image-36155\" alt=\"\" srcset=\"https:\/\/aikidolublin.pl\/wp-content\/uploads\/2025\/01\/PLAKAT-768x1045.jpg 768w, https:\/\/aikidolublin.pl\/wp-content\/uploads\/2025\/01\/PLAKAT-221x300.jpg 221w, https:\/\/aikidolublin.pl\/wp-content\/uploads\/2025\/01\/PLAKAT-753x1024.jpg 753w, https:\/\/aikidolublin.pl\/wp-content\/uploads\/2025\/01\/PLAKAT-1129x1536.jpg 1129w, https:\/\/aikidolublin.pl\/wp-content\/uploads\/2025\/01\/PLAKAT-1506x2048.jpg 1506w, https:\/\/aikidolublin.pl\/wp-content\/uploads\/2025\/01\/PLAKAT-1140x1551.jpg 1140w, https:\/\/aikidolublin.pl\/wp-content\/uploads\/2025\/01\/PLAKAT.jpg 1507w\" sizes=\"(max-width: 768px) 100vw, 768px\" \/>\t\t\t\t\t\t\t\t\t\t\t\t\t\t\t<\/div>\n\t\t\t\t<\/div>\n\t\t\t\t<div class=\"elementor-element elementor-element-c3532d0 elementor-widget elementor-widget-image\" data-id=\"c3532d0\" data-element_type=\"widget\" data-e-type=\"widget\" data-widget_type=\"image.default\">\n\t\t\t\t<div class=\"elementor-widget-container\">\n\t\t\t\t\t\t\t\t\t\t\t\t\t\t\t<img loading=\"lazy\" decoding=\"async\" width=\"300\" height=\"189\" src=\"https:\/\/aikidolublin.pl\/wp-content\/uploads\/2025\/01\/aikido3-300x189.jpg\" class=\"attachment-medium size-medium wp-image-36153\" alt=\"\" srcset=\"https:\/\/aikidolublin.pl\/wp-content\/uploads\/2025\/01\/aikido3-300x189.jpg 300w, https:\/\/aikidolublin.pl\/wp-content\/uploads\/2025\/01\/aikido3-768x483.jpg 768w, https:\/\/aikidolublin.pl\/wp-content\/uploads\/2025\/01\/aikido3.jpg 954w\" sizes=\"(max-width: 300px) 100vw, 300px\" \/>\t\t\t\t\t\t\t\t\t\t\t\t\t\t\t<\/div>\n\t\t\t\t<\/div>\n\t\t\t\t<div class=\"elementor-element elementor-element-d4db80e elementor-widget elementor-widget-image\" data-id=\"d4db80e\" data-element_type=\"widget\" data-e-type=\"widget\" data-widget_type=\"image.default\">\n\t\t\t\t<div class=\"elementor-widget-container\">\n\t\t\t\t\t\t\t\t\t\t\t\t\t\t\t<img loading=\"lazy\" decoding=\"async\" width=\"263\" height=\"168\" src=\"https:\/\/aikidolublin.pl\/wp-content\/uploads\/2025\/01\/Staz-z-Andre-Cognard-MOSIR-Lublin-1988.jpg\" class=\"attachment-large size-large wp-image-36151\" alt=\"\" \/>\t\t\t\t\t\t\t\t\t\t\t\t\t\t\t<\/div>\n\t\t\t\t<\/div>\n\t\t\t\t\t<\/div>\n\t\t\t\t<\/div>\n\t\t\t\t<\/div>\n\t\t","protected":false},"excerpt":{"rendered":"<p>Nasza szko\u0142a Aikido4Life Lublin zosta\u0142a za\u0142o\u017cona we wrze\u015bniu 2015 roku przez Miros\u0142awa Przybylskiego. Pocz\u0105tki aikido w Lublinie si\u0119gaj\u0105 1985 roku. 16-go lutego 1985 roku odby\u0142o si\u0119 w Lublinie pierwsze seminarium aikido prowadzone przez Czes\u0142awa Poczykowskiego Sensei. Zosta\u0142 on zaproszony do Lublina przez dw\u00f3ch pasjonat\u00f3w sztuk walki Janusza Malca i Bogdana Proca, kt\u00f3rzy uprawiali karate kyokushinkai. Niew\u0105tpliwie to wydarzenie mo\u017cemy przyj\u0105\u0107 za pocz\u0105tki aikido w Lublinie. Nadmieni\u0107 nale\u017cy, \u017ce Czes\u0142aw Poczykowski by\u0142 w grupie pierwszych 8 os\u00f3b w Polsce, kt\u00f3re otrzyma\u0142y w 1986 roku I dan aikido. Godne uwagi jest to, \u017ce stopnie te nada\u0142 Polakom Japo\u0144czyk Sensei Toshikazu Ichimura. Sensei Ichimura propagowa\u0142 w tamtym czasie aikido w Skandynawii i posiada\u0142 6 dan. Rok wcze\u015bniej z inicjatywy lubelskich taekwondek\u00f3w by\u0142y podejmowane pr\u00f3by zaszczepienia aikido w naszym mie\u015bcie przez Jacka Wysockiego Sensei pochodz\u0105cego ze Szczecina. Zaj\u0119cia odbywa\u0142y si\u0119 sporadycznie w Szkole Podstawowej nr 33 przy ul. Pogodnej. Jednak ze wzgl\u0119du na du\u017c\u0105 odleg\u0142o\u015b\u0107 zamieszkiwania Jacka Wysockiego i w wyniku braku wyszkolonych instruktor\u00f3w w Lublinie idea ta szybko upad\u0142a. Dopiero zaanga\u017cowanie Senseia Czes\u0142awa Poczykowskiego, kt\u00f3ry zamieszka\u0142 w 1985 roku w Lublinie, doprowadzi\u0142o do postania pierwszej formalnej organizacji aikido w Lublinie. Zacz\u0119li\u015bmy trenowa\u0107 w ramach sekcji Klubu Uczelnianego AZS UMCS w pawilonie sport\u00f3w walki MOSIR przy Al. Zygmuntowskich. W tym te\u017c roku treningi aikido rozpocz\u0105\u0142 Miros\u0142aw Przybylski. Senesei Czes\u0142aw Poczykowski naucza\u0142 aikido w Lublinie przez rok i pod koniec 1986 roku wyjecha\u0142 z Lublina. Jego misj\u0119 kontynuowa\u0142 Jerzy Gorze\u0144, kt\u00f3ry zosta\u0142 \u201enamaszczony\u201d do prowadzenia trening\u00f3w przez Sensei Poczykowskiego jako wyr\u00f3\u017cniaj\u0105cy si\u0119 ucze\u0144. Pomaga\u0142 mu w tym czasie Miros\u0142aw Przybylski. W 1987 roku Miros\u0142aw Przybylski wraz z Jerzym Gorzeniem jako pierwsi aikidocy z Lublina uczestniczyli w kursie instruktor\u00f3w aikido w Nowym Targu. Nadmieni\u0107 nale\u017cy, \u017ce na pocz\u0105tku funkcjonowali\u015bmy w ramach g\u0142\u00f3wnego nurtu aikido Aikikai. Chocia\u017c pocz\u0105tki by\u0142y trudne ze wzgl\u0119du na ograniczony dost\u0119p do wykwalifikowanych instruktor\u00f3w, to nadrabiali\u015bmy zapa\u0142em i ch\u0119ciami. Grupy \u0107wicz\u0105cych aikido w dojo w Lublinie liczy\u0142y po kilkadziesi\u0105t os\u00f3b i sale \u201ep\u0119ka\u0142y w szwach\u201d. Z pewno\u015bci\u0105 lata 80 ubieg\u0142ego wieku to by\u0142 czas najwi\u0119kszego rozkwitu sztuk walki w Polsce i Lublinie. W roku 1987 od\u0142\u0105czy\u0142 si\u0119 od nas Ryszard J\u00f3\u017awik. Zacz\u0105\u0142 on prowadzi\u0107 zaj\u0119cia aikido w pawilonie judo na Lubliniance przy ul. Leszczy\u0144skiego. Wtedy te\u017c nawi\u0105zali\u015bmy na sta\u0142e \u015bcis\u0142\u0105 wsp\u00f3\u0142prac\u0119 z Sensei Jackiem Wysockim ze Szczecina. W rezultacie tego zacz\u0119li\u015bmy uprawia\u0107 w Lublinie aikido stylu Kobayashi Ryu. By\u0142 to okres cz\u0119stych wyjazd\u00f3w do Szczecina na sta\u017ce z mistrzami aikido Giampietro Savegnago z W\u0142och i Andre Cognard z Francji. Z tego okresu warto wymieni\u0107 dwa wa\u017cne wydarzenia. W 1986 roku go\u015bcili\u015bmy na sta\u017cu aikido w Lublinie Sensei Pat Hendricks z USA. Posiada\u0142a ona w\u00f3wczas 3 dan aikido (obecnie 7 dan AIKIKAI). Natomiast w 1987 roku sta\u017c aikido w naszym dojo prowadzi\u0142 Sensei Andre Cognard. Mistrz Cognard mia\u0142 wtedy 4 dan aikido (obecnie Hanshi 8 dan). W 1990 roku zosta\u0142a za\u0142o\u017cona przez Sensei Ireneusza Ko\u0142odziejaka Lubelska Akademia Aikido. By\u0142a to trzecia w Lublinie szko\u0142a aikido stylu Kobayashi. Po kilku latach szko\u0142a Sensei Ryszarda J\u00f3\u017awika na Lubliniance, ze wzgl\u0119du na wycofanie si\u0119 przez niego z aktywno\u015bci, rozpad\u0142a si\u0119. Treningi w tym miejscu zacz\u0105\u0142 prowadzi\u0107 Sensei Ireneusz Ko\u0142odziejak. Natomiast nast\u0119pne lata to dynamiczny rozw\u00f3j aikido na Lubelszczy\u017anie. Powstaj\u0105 sekcje aikido w Bia\u0142ej Podlaskiej, Radzyniu Podlaskim, Zamo\u015bciu, Che\u0142mie, \u0141\u0119cznej. W 1995 roku Sensei Marcin Velinov organizuje treningi aikido w Che\u0142mie. By\u0142a to pierwsza sekcja szko\u0142y Aikido4life. Sensei Marcin Velinov rozwija dynamicznie aikido w Che\u0142mie przez 3,5 roku. Wspomaga go w tych dzia\u0142aniach Sensei Miros\u0142aw Przybylski, kt\u00f3ry w\u00f3wczas pracuje w Che\u0142mie. Po przeprowadzce Sensei Marcina Velinova do Warszawy prowadzenie trening\u00f3w aikido w Che\u0142mie przejmuje Lubelska Akademia Aikido. W roku 1997 Sensei Miros\u0142aw Przybylski zak\u0142ada szko\u0142\u0119 aikido w \u0141\u0119cznej ko\u0142o Lublina. Jednak ze wzgl\u0119du na wysokie koszty funkcjonowania w 2000 roku szko\u0142a zostaje rozwi\u0105zana, a wi\u0119kszo\u015b\u0107 \u0107wicz\u0105cych zaczyna przyje\u017cd\u017ca\u0107 na treningi do Lublina. Po zamieszkaniu w Warszawie w 1998 roku Sensei Marcin Velinov powo\u0142uje pierwsz\u0105 w Warszawie szko\u0142\u0119 aikido stylu Hirokazu Kobayashi. Szko\u0142a funkcjonuje pod nazw\u0105 Aikido IQ Academy. W naszej szkole aikido w latach 90-tych powsta\u0142a idea promowania honorowego krwiodawstwa najpierw w\u015br\u00f3d sportowc\u00f3w, p\u00f3\u017aniej w ca\u0142ym spo\u0142ecze\u0144stwie. Marcin Velinov powo\u0142a\u0142 Fundacj\u0119 Krewniacy, kt\u00f3ra mi\u0119dzy innymi stworzy\u0142a najwi\u0119ksz\u0105 kampani\u0119 honorowego krwiodawstwa w historii TVP. Fundacj\u0119 Krewniacy wspiera bardzo wielu znanych sportowc\u00f3w i aktor\u00f3w oraz gwiazd show biznesu. Nazwa naszej szko\u0142y aikido Aikdo4life ma \u015bcis\u0142y zwi\u0105zek z szerzeniem idei honorowego krwiodawstwa. Po \u015bmierci naszego mentora i mistrza Shihana Giampietro Savegnago w 2013 roku nawi\u0105zali\u015bmy bardzo blisk\u0105 wsp\u00f3\u0142prac\u0119 z aikidokami z W\u0142och, kt\u00f3rym przewodzi ucze\u0144 Maestro Savegnago Antonio Albanese Shihan 7 DAN. Cz\u0119sto prowadzimy wsp\u00f3lne sta\u017ce aikido, obozy sportowe oraz pokazy aikido we W\u0142oszech i w Polsce. W 2015 roku z inicjatywy Miros\u0142awa Przybylskiego\u00a0 powstaje w Lublinie sekcja Aikido4life Lublin Zaj\u0119cia pocz\u0105tkowo s\u0105 prowadzone w SP nr 30 przy ul. Na\u0142kowskich 110. Kolejne lata to dynamiczny rozw\u00f3j naszej szko\u0142y aikido w Lublinie, kt\u00f3ry owocuje powstaniem w 2018 rok dw\u00f3ch nowych dojo w Lublinie w SP nr 28 na ul. Rado\u015bci 13 i w ZSO nr 4 na ul. Tumidajskiego 6A. W 2020 roku zostaje otwarte ostatnie dojo w Lublinie przy ul. Nowy \u015awiat 34 C, kt\u00f3re sta\u0142o si\u0119\u00a0 naszym g\u0142\u00f3wnym dojo w tym\u00a0 mie\u015bcie. Obecnie nasza szko\u0142a aikido posiada 4 dojo w Lublinie. W ci\u0105gu wielu lat funkcjonowania naszej szko\u0142y przewin\u0119\u0142o si\u0119 przez nasze sale treningowe setki wychowank\u00f3w, zar\u00f3wno dzieci jak i doros\u0142ych. Historia Aikido4life Lublin, opr\u00f3cz codziennych trening\u00f3w, obejmuje wsp\u00f3lnie sp\u0119dzone chwile poza dojo. Co roku s\u0105 organizowane przez nas obozy zimowe i letnie, sta\u017ce w Polsce i za granic\u0105, pokazy aikido. Wsp\u00f3lnie \u015bwi\u0119tujemy r\u00f3\u017cnego rodzaju uroczysto\u015bci. Nasza historia to s\u0105 przyja\u017anie na ca\u0142e \u017cycie, to historia ludzi po\u0142\u0105czonych wsp\u00f3ln\u0105 pasja jak\u0105 jest aikido. Chcesz tworzy\u0107 now\u0105 histori\u0119 aikido w Lublinie? Do\u0142\u0105cz do nas i podejmij wyzwanie !!! \u00a0<\/p>\n","protected":false},"author":1,"featured_media":0,"parent":0,"menu_order":0,"comment_status":"closed","ping_status":"closed","template":"","meta":{"om_disable_all_campaigns":false,"_monsterinsights_skip_tracking":false,"_monsterinsights_sitenote_active":false,"_monsterinsights_sitenote_note":"","_monsterinsights_sitenote_category":0,"_uf_show_specific_survey":0,"_uf_disable_surveys":false,"footnotes":""},"class_list":["post-36146","page","type-page","status-publish","hentry"],"aioseo_notices":[],"_links":{"self":[{"href":"https:\/\/aikidolublin.pl\/index.php?rest_route=\/wp\/v2\/pages\/36146","targetHints":{"allow":["GET"]}}],"collection":[{"href":"https:\/\/aikidolublin.pl\/index.php?rest_route=\/wp\/v2\/pages"}],"about":[{"href":"https:\/\/aikidolublin.pl\/index.php?rest_route=\/wp\/v2\/types\/page"}],"author":[{"embeddable":true,"href":"https:\/\/aikidolublin.pl\/index.php?rest_route=\/wp\/v2\/users\/1"}],"replies":[{"embeddable":true,"href":"https:\/\/aikidolublin.pl\/index.php?rest_route=%2Fwp%2Fv2%2Fcomments&post=36146"}],"version-history":[{"count":8,"href":"https:\/\/aikidolublin.pl\/index.php?rest_route=\/wp\/v2\/pages\/36146\/revisions"}],"predecessor-version":[{"id":36176,"href":"https:\/\/aikidolublin.pl\/index.php?rest_route=\/wp\/v2\/pages\/36146\/revisions\/36176"}],"wp:attachment":[{"href":"https:\/\/aikidolublin.pl\/index.php?rest_route=%2Fwp%2Fv2%2Fmedia&parent=36146"}],"curies":[{"name":"wp","href":"https:\/\/api.w.org\/{rel}","templated":true}]}}