{"id":43,"date":"2015-09-10T08:36:10","date_gmt":"2015-09-10T06:36:10","guid":{"rendered":"http:\/\/aikido.krewniacy.pl\/?page_id=43"},"modified":"2025-08-19T17:37:48","modified_gmt":"2025-08-19T15:37:48","slug":"treningi","status":"publish","type":"page","link":"https:\/\/aikidolublin.pl\/?page_id=43","title":{"rendered":"Treningi"},"content":{"rendered":"\t\t<div data-elementor-type=\"wp-page\" data-elementor-id=\"43\" class=\"elementor elementor-43\">\n\t\t\t\t<div class=\"elementor-element elementor-element-354aea17 e-flex e-con-boxed wpr-particle-no wpr-jarallax-no wpr-parallax-no wpr-sticky-section-no wpr-column-slider-no wpr-equal-height-no e-con e-parent\" data-id=\"354aea17\" data-element_type=\"container\" data-e-type=\"container\">\n\t\t\t\t\t<div class=\"e-con-inner\">\n\t\t\t\t<div class=\"elementor-element elementor-element-4c84a825 elementor-widget elementor-widget-text-editor\" data-id=\"4c84a825\" data-element_type=\"widget\" data-e-type=\"widget\" data-widget_type=\"text-editor.default\">\n\t\t\t\t<div class=\"elementor-widget-container\">\n\t\t\t\t\t\t\t\t\t<h3><img fetchpriority=\"high\" decoding=\"async\" class=\"wp-image-36137 aligncenter\" src=\"https:\/\/aikidolublin.pl\/wp-content\/uploads\/2024\/11\/grafik-nowy-300x213.jpg\" alt=\"\" width=\"625\" height=\"443\" srcset=\"https:\/\/aikidolublin.pl\/wp-content\/uploads\/2024\/11\/grafik-nowy-300x213.jpg 300w, https:\/\/aikidolublin.pl\/wp-content\/uploads\/2024\/11\/grafik-nowy-768x545.jpg 768w, https:\/\/aikidolublin.pl\/wp-content\/uploads\/2024\/11\/grafik-nowy.jpg 1024w\" sizes=\"(max-width: 625px) 100vw, 625px\" \/><\/h3><h3><strong><span style=\"font-family: Times New Roman, serif;\"><span style=\"font-size: medium;\"><span style=\"color: #666666;\"><span style=\"font-family: Open Sans, serif;\"><span style=\"font-size: small;\"><span dir=\"auto\" style=\"vertical-align: inherit;\"><span dir=\"auto\" style=\"vertical-align: inherit;\"><span dir=\"auto\" style=\"vertical-align: inherit;\"><span dir=\"auto\" style=\"vertical-align: inherit;\"><span dir=\"auto\" style=\"vertical-align: inherit;\"><span dir=\"auto\" style=\"vertical-align: inherit;\">Treningi s\u0105 dost\u0119pne w czterech dogodnych lokalizacjach w Lublinie:<\/span><\/span><\/span><\/span><\/span><\/span><\/span><\/span><\/span><\/span><\/span><\/strong><\/h3><ul><li><span style=\"font-family: Times New Roman, serif;\"><span style=\"font-size: medium;\"><span style=\"color: #666666;\"><span style=\"font-family: Open Sans, serif;\"><span style=\"font-size: small;\"><span dir=\"auto\" style=\"vertical-align: inherit;\"><span dir=\"auto\" style=\"vertical-align: inherit;\"><span dir=\"auto\" style=\"vertical-align: inherit;\"><span dir=\"auto\" style=\"vertical-align: inherit;\"><span dir=\"auto\" style=\"vertical-align: inherit;\"><span dir=\"auto\" style=\"vertical-align: inherit;\">DOJO SP 30 ul. Na\u0142kowskich 110;<\/span><\/span><\/span><\/span><\/span><\/span><\/span><\/span><\/span><\/span><\/span><\/li><li><span style=\"font-family: Times New Roman, serif;\"><span style=\"font-size: medium;\"><span style=\"color: #666666;\"><span style=\"font-family: Open Sans, serif;\"><span style=\"font-size: small;\"><span dir=\"auto\" style=\"vertical-align: inherit;\"><span dir=\"auto\" style=\"vertical-align: inherit;\"><span dir=\"auto\" style=\"vertical-align: inherit;\"><span dir=\"auto\" style=\"vertical-align: inherit;\"><span dir=\"auto\" style=\"vertical-align: inherit;\"><span dir=\"auto\" style=\"vertical-align: inherit;\">DOJO ZSO 4 ul. Tumidajskiego 6A;<\/span><\/span><\/span><\/span><\/span><\/span><\/span><\/span><\/span><\/span><\/span><\/li><li><span style=\"font-family: Times New Roman, serif;\"><span style=\"font-size: medium;\"><span style=\"color: #666666;\"><span style=\"font-family: Open Sans, serif;\"><span style=\"font-size: small;\"><span dir=\"auto\" style=\"vertical-align: inherit;\"><span dir=\"auto\" style=\"vertical-align: inherit;\"><span dir=\"auto\" style=\"vertical-align: inherit;\"><span dir=\"auto\" style=\"vertical-align: inherit;\"><span dir=\"auto\" style=\"vertical-align: inherit;\"><span dir=\"auto\" style=\"vertical-align: inherit;\">DOJO <\/span><\/span><\/span><\/span><\/span><\/span><span style=\"font-size: 10pt;\"><span dir=\"auto\" style=\"vertical-align: inherit;\"><span dir=\"auto\" style=\"vertical-align: inherit;\"><span dir=\"auto\" style=\"vertical-align: inherit;\"><span dir=\"auto\" style=\"vertical-align: inherit;\"><span dir=\"auto\" style=\"vertical-align: inherit;\"><span dir=\"auto\" style=\"vertical-align: inherit;\">SP<\/span><\/span><\/span><\/span><\/span><\/span><\/span><span dir=\"auto\" style=\"vertical-align: inherit;\"><span dir=\"auto\" style=\"vertical-align: inherit;\"><span dir=\"auto\" style=\"vertical-align: inherit;\"><span dir=\"auto\" style=\"vertical-align: inherit;\"><span dir=\"auto\" style=\"vertical-align: inherit;\"><span dir=\"auto\" style=\"vertical-align: inherit;\"> 28 ul. Rado\u015bci 13.<\/span><\/span><\/span><\/span><\/span><\/span><\/span><\/span><\/span><\/span><\/span><\/li><li><span style=\"font-size: 10pt;\"><span dir=\"auto\" style=\"vertical-align: inherit;\"><span dir=\"auto\" style=\"vertical-align: inherit;\"><span dir=\"auto\" style=\"vertical-align: inherit;\"><span dir=\"auto\" style=\"vertical-align: inherit;\"><span dir=\"auto\" style=\"vertical-align: inherit;\"><span dir=\"auto\" style=\"vertical-align: inherit;\">DOJO ul. Nowy \u015awiat 34C<\/span><\/span><\/span><\/span><\/span><\/span><\/span><\/li><\/ul><p align=\"JUSTIFY\">\u00a0<\/p><p align=\"JUSTIFY\"><strong><span style=\"font-family: Times New Roman, serif;\"><span style=\"font-size: medium;\"><span style=\"color: #666666;\"><span style=\"font-family: Open Sans, serif;\"><span style=\"font-size: small;\"><span dir=\"auto\" style=\"vertical-align: inherit;\"><span dir=\"auto\" style=\"vertical-align: inherit;\"><span dir=\"auto\" style=\"vertical-align: inherit;\"><span dir=\"auto\" style=\"vertical-align: inherit;\"><span dir=\"auto\" style=\"vertical-align: inherit;\"><span dir=\"auto\" style=\"vertical-align: inherit;\">ZAPRASZAMY NA PIERWSZY DARMOWY TRENING! CZEKAMY NA CIEBIE, TWOJ\u0104 RODZIN\u0118 I PRZYJACI\u00d3\u0141 W DOJO \ud83d\ude42<\/span><\/span><\/span><\/span><\/span><\/span><\/span><\/span><\/span><\/span><\/span><\/strong><\/p><p align=\"JUSTIFY\"><span style=\"font-family: Times New Roman, serif;\"><span style=\"font-size: medium;\"><span style=\"color: #666666;\"><span style=\"font-family: Open Sans, serif;\"><span style=\"font-size: small;\"><span dir=\"auto\" style=\"vertical-align: inherit;\"><span dir=\"auto\" style=\"vertical-align: inherit;\"><span dir=\"auto\" style=\"vertical-align: inherit;\"><span dir=\"auto\" style=\"vertical-align: inherit;\"><span dir=\"auto\" style=\"vertical-align: inherit;\"><span dir=\"auto\" style=\"vertical-align: inherit;\">WSZELKIE INFORMACJE UZYSKASZ DZWONI\u0104C NA NUMER <\/span><\/span><\/span><\/span><\/span><\/span><strong><span dir=\"auto\" style=\"vertical-align: inherit;\"><span dir=\"auto\" style=\"vertical-align: inherit;\"><span dir=\"auto\" style=\"vertical-align: inherit;\"><span dir=\"auto\" style=\"vertical-align: inherit;\"><span dir=\"auto\" style=\"vertical-align: inherit;\"><span dir=\"auto\" style=\"vertical-align: inherit;\">TEL. 784 120 520<\/span><\/span><\/span><\/span><\/span><\/span><\/strong><span dir=\"auto\" style=\"vertical-align: inherit;\"><span dir=\"auto\" style=\"vertical-align: inherit;\"><span dir=\"auto\" style=\"vertical-align: inherit;\"><span dir=\"auto\" style=\"vertical-align: inherit;\"><span dir=\"auto\" style=\"vertical-align: inherit;\"><span dir=\"auto\" style=\"vertical-align: inherit;\"> LUB KONTAKTUJ\u0104C SI\u0118 ZA PO\u015aREDNICTWEM E-MAIL: miroslaw_przybylski@wp.pl, mirek.prz@gmail.com.<\/span><\/span><\/span><\/span><\/span><\/span><\/span><\/span><\/span><\/span><\/span><\/p><p><a href=\"https:\/\/aikidolublin.pl\/wp-content\/uploads\/2025\/08\/Deklaracja-czlonkowska-Aikido4Life.pdf\"><span dir=\"auto\" style=\"vertical-align: inherit;\"><span dir=\"auto\" style=\"vertical-align: inherit;\">Deklaracja cz\u0142onkowska Aikido4Life<\/span><\/span><\/a><\/p><p><a href=\"https:\/\/aikidolublin.pl\/wp-content\/uploads\/2025\/08\/Regulamin-Aikido4Life.pdf\"><span dir=\"auto\" style=\"vertical-align: inherit;\"><span dir=\"auto\" style=\"vertical-align: inherit;\">Regulamin Aikido4Life<\/span><\/span><\/a><\/p>\t\t\t\t\t\t\t\t<\/div>\n\t\t\t\t<\/div>\n\t\t\t\t\t<\/div>\n\t\t\t\t<\/div>\n\t\t<div class=\"elementor-element elementor-element-903f896 e-flex e-con-boxed wpr-particle-no wpr-jarallax-no wpr-parallax-no wpr-sticky-section-no wpr-column-slider-no wpr-equal-height-no e-con e-parent\" data-id=\"903f896\" data-element_type=\"container\" data-e-type=\"container\">\n\t\t\t\t\t<div class=\"e-con-inner\">\n\t\t\t\t<div class=\"elementor-element elementor-element-67a77bb elementor-widget elementor-widget-image-gallery\" data-id=\"67a77bb\" data-element_type=\"widget\" data-e-type=\"widget\" data-widget_type=\"image-gallery.default\">\n\t\t\t\t<div class=\"elementor-widget-container\">\n\t\t\t\t\t\t\t<div class=\"elementor-image-gallery\">\n\t\t\t<div id='gallery-6' class='gallery galleryid-43 gallery-columns-3 gallery-size-medium'><figure class='gallery-item'>\n\t\t\t<div class='gallery-icon landscape'>\n\t\t\t\t<a data-elementor-open-lightbox=\"yes\" data-elementor-lightbox-slideshow=\"67a77bb\" data-elementor-lightbox-title=\"Lublin Toni 2024.9\" data-e-action-hash=\"#elementor-action%3Aaction%3Dlightbox%26settings%3DeyJpZCI6MzU4MTAsInVybCI6Imh0dHBzOlwvXC9haWtpZG9sdWJsaW4ucGxcL3dwLWNvbnRlbnRcL3VwbG9hZHNcLzIwMjRcLzA5XC9MdWJsaW4tVG9uaS0yMDI0LjktMS5qcGciLCJzbGlkZXNob3ciOiI2N2E3N2JiIn0%3D\" href='https:\/\/aikidolublin.pl\/wp-content\/uploads\/2024\/09\/Lublin-Toni-2024.9-1.jpg'><img decoding=\"async\" width=\"300\" height=\"225\" src=\"https:\/\/aikidolublin.pl\/wp-content\/uploads\/2024\/09\/Lublin-Toni-2024.9-1-300x225.jpg\" class=\"attachment-medium size-medium\" alt=\"\" srcset=\"https:\/\/aikidolublin.pl\/wp-content\/uploads\/2024\/09\/Lublin-Toni-2024.9-1-300x225.jpg 300w, https:\/\/aikidolublin.pl\/wp-content\/uploads\/2024\/09\/Lublin-Toni-2024.9-1-1024x768.jpg 1024w, https:\/\/aikidolublin.pl\/wp-content\/uploads\/2024\/09\/Lublin-Toni-2024.9-1-768x576.jpg 768w, https:\/\/aikidolublin.pl\/wp-content\/uploads\/2024\/09\/Lublin-Toni-2024.9-1.jpg 1080w\" sizes=\"(max-width: 300px) 100vw, 300px\" \/><\/a>\n\t\t\t<\/div><\/figure><figure class='gallery-item'>\n\t\t\t<div class='gallery-icon landscape'>\n\t\t\t\t<a data-elementor-open-lightbox=\"yes\" data-elementor-lightbox-slideshow=\"67a77bb\" data-elementor-lightbox-title=\"TRENINGI AIKIDO KORONAWIRUS ZALEW ZEMBORZYCKI 2020 (24)\" data-e-action-hash=\"#elementor-action%3Aaction%3Dlightbox%26settings%3DeyJpZCI6MTE4MSwidXJsIjoiaHR0cHM6XC9cL2Fpa2lkb2x1Ymxpbi5wbFwvd3AtY29udGVudFwvdXBsb2Fkc1wvMjAyMFwvMDZcL1RSRU5JTkdJLUFJS0lETy1LT1JPTkFXSVJVUy1aQUxFVy1aRU1CT1JaWUNLSS0yMDIwLTI0LTEuanBnIiwic2xpZGVzaG93IjoiNjdhNzdiYiJ9\" href='https:\/\/aikidolublin.pl\/wp-content\/uploads\/2020\/06\/TRENINGI-AIKIDO-KORONAWIRUS-ZALEW-ZEMBORZYCKI-2020-24-1.jpg'><img decoding=\"async\" width=\"300\" height=\"139\" src=\"https:\/\/aikidolublin.pl\/wp-content\/uploads\/2020\/06\/TRENINGI-AIKIDO-KORONAWIRUS-ZALEW-ZEMBORZYCKI-2020-24-1-300x139.jpg\" class=\"attachment-medium size-medium\" alt=\"\" srcset=\"https:\/\/aikidolublin.pl\/wp-content\/uploads\/2020\/06\/TRENINGI-AIKIDO-KORONAWIRUS-ZALEW-ZEMBORZYCKI-2020-24-1-300x139.jpg 300w, https:\/\/aikidolublin.pl\/wp-content\/uploads\/2020\/06\/TRENINGI-AIKIDO-KORONAWIRUS-ZALEW-ZEMBORZYCKI-2020-24-1-1024x474.jpg 1024w, https:\/\/aikidolublin.pl\/wp-content\/uploads\/2020\/06\/TRENINGI-AIKIDO-KORONAWIRUS-ZALEW-ZEMBORZYCKI-2020-24-1-768x355.jpg 768w, https:\/\/aikidolublin.pl\/wp-content\/uploads\/2020\/06\/TRENINGI-AIKIDO-KORONAWIRUS-ZALEW-ZEMBORZYCKI-2020-24-1-1536x710.jpg 1536w, https:\/\/aikidolublin.pl\/wp-content\/uploads\/2020\/06\/TRENINGI-AIKIDO-KORONAWIRUS-ZALEW-ZEMBORZYCKI-2020-24-1.jpg 1998w\" sizes=\"(max-width: 300px) 100vw, 300px\" \/><\/a>\n\t\t\t<\/div><\/figure><figure class='gallery-item'>\n\t\t\t<div class='gallery-icon landscape'>\n\t\t\t\t<a data-elementor-open-lightbox=\"yes\" data-elementor-lightbox-slideshow=\"67a77bb\" data-elementor-lightbox-title=\"449389211_7842194512508908_4788967407100538757_n\" data-e-action-hash=\"#elementor-action%3Aaction%3Dlightbox%26settings%3DeyJpZCI6MzU2ODYsInVybCI6Imh0dHBzOlwvXC9haWtpZG9sdWJsaW4ucGxcL3dwLWNvbnRlbnRcL3VwbG9hZHNcLzIwMjRcLzA5XC80NDkzODkyMTFfNzg0MjE5NDUxMjUwODkwOF80Nzg4OTY3NDA3MTAwNTM4NzU3X24tMS5qcGciLCJzbGlkZXNob3ciOiI2N2E3N2JiIn0%3D\" href='https:\/\/aikidolublin.pl\/wp-content\/uploads\/2024\/09\/449389211_7842194512508908_4788967407100538757_n-1.jpg'><img loading=\"lazy\" decoding=\"async\" width=\"300\" height=\"169\" src=\"https:\/\/aikidolublin.pl\/wp-content\/uploads\/2024\/09\/449389211_7842194512508908_4788967407100538757_n-1-300x169.jpg\" class=\"attachment-medium size-medium\" alt=\"\" srcset=\"https:\/\/aikidolublin.pl\/wp-content\/uploads\/2024\/09\/449389211_7842194512508908_4788967407100538757_n-1-300x169.jpg 300w, https:\/\/aikidolublin.pl\/wp-content\/uploads\/2024\/09\/449389211_7842194512508908_4788967407100538757_n-1-1024x576.jpg 1024w, https:\/\/aikidolublin.pl\/wp-content\/uploads\/2024\/09\/449389211_7842194512508908_4788967407100538757_n-1-768x432.jpg 768w, https:\/\/aikidolublin.pl\/wp-content\/uploads\/2024\/09\/449389211_7842194512508908_4788967407100538757_n-1.jpg 1080w\" sizes=\"(max-width: 300px) 100vw, 300px\" \/><\/a>\n\t\t\t<\/div><\/figure>\n\t\t<\/div>\n\t\t<\/div>\n\t\t\t\t\t\t<\/div>\n\t\t\t\t<\/div>\n\t\t\t\t\t<\/div>\n\t\t\t\t<\/div>\n\t\t\t\t<\/div>\n\t\t","protected":false},"excerpt":{"rendered":"<p>Treningi s\u0105 dost\u0119pne w czterech dogodnych lokalizacjach w Lublinie: DOJO SP 30 ul. Na\u0142kowskich 110; DOJO ZSO 4 ul. Tumidajskiego 6A; DOJO SP 28 ul. Rado\u015bci 13. DOJO ul. Nowy \u015awiat 34C \u00a0 ZAPRASZAMY NA PIERWSZY DARMOWY TRENING! CZEKAMY NA CIEBIE, TWOJ\u0104 RODZIN\u0118 I PRZYJACI\u00d3\u0141 W DOJO \ud83d\ude42 WSZELKIE INFORMACJE UZYSKASZ DZWONI\u0104C NA NUMER TEL. 784 120 520 LUB KONTAKTUJ\u0104C SI\u0118 ZA PO\u015aREDNICTWEM E-MAIL: miroslaw_przybylski@wp.pl, mirek.prz@gmail.com. Deklaracja cz\u0142onkowska Aikido4Life Regulamin Aikido4Life<\/p>\n","protected":false},"author":1,"featured_media":0,"parent":0,"menu_order":0,"comment_status":"closed","ping_status":"closed","template":"","meta":{"om_disable_all_campaigns":false,"_monsterinsights_skip_tracking":false,"_monsterinsights_sitenote_active":false,"_monsterinsights_sitenote_note":"","_monsterinsights_sitenote_category":0,"_uf_show_specific_survey":0,"_uf_disable_surveys":false,"footnotes":""},"class_list":["post-43","page","type-page","status-publish","hentry"],"aioseo_notices":[],"_links":{"self":[{"href":"https:\/\/aikidolublin.pl\/index.php?rest_route=\/wp\/v2\/pages\/43","targetHints":{"allow":["GET"]}}],"collection":[{"href":"https:\/\/aikidolublin.pl\/index.php?rest_route=\/wp\/v2\/pages"}],"about":[{"href":"https:\/\/aikidolublin.pl\/index.php?rest_route=\/wp\/v2\/types\/page"}],"author":[{"embeddable":true,"href":"https:\/\/aikidolublin.pl\/index.php?rest_route=\/wp\/v2\/users\/1"}],"replies":[{"embeddable":true,"href":"https:\/\/aikidolublin.pl\/index.php?rest_route=%2Fwp%2Fv2%2Fcomments&post=43"}],"version-history":[{"count":19,"href":"https:\/\/aikidolublin.pl\/index.php?rest_route=\/wp\/v2\/pages\/43\/revisions"}],"predecessor-version":[{"id":36337,"href":"https:\/\/aikidolublin.pl\/index.php?rest_route=\/wp\/v2\/pages\/43\/revisions\/36337"}],"wp:attachment":[{"href":"https:\/\/aikidolublin.pl\/index.php?rest_route=%2Fwp%2Fv2%2Fmedia&parent=43"}],"curies":[{"name":"wp","href":"https:\/\/api.w.org\/{rel}","templated":true}]}}