{"id":47,"date":"2015-09-10T08:36:56","date_gmt":"2015-09-10T06:36:56","guid":{"rendered":"http:\/\/aikido.krewniacy.pl\/?page_id=47"},"modified":"2025-04-17T12:28:04","modified_gmt":"2025-04-17T10:28:04","slug":"super-aikido-lublin","status":"publish","type":"page","link":"https:\/\/aikidolublin.pl\/","title":{"rendered":"Strona G\u0142\u00f3wna"},"content":{"rendered":"\t\t<div data-elementor-type=\"wp-page\" data-elementor-id=\"47\" class=\"elementor elementor-47\">\n\t\t\t\t<div class=\"elementor-element elementor-element-7951068d e-flex e-con-boxed wpr-particle-no wpr-jarallax-no wpr-parallax-no wpr-sticky-section-no wpr-column-slider-no wpr-equal-height-no e-con e-parent\" data-id=\"7951068d\" data-element_type=\"container\" data-e-type=\"container\">\n\t\t\t\t\t<div class=\"e-con-inner\">\n\t\t\t\t<div class=\"elementor-element elementor-element-3821f483 elementor-widget elementor-widget-text-editor\" data-id=\"3821f483\" data-element_type=\"widget\" data-e-type=\"widget\" data-widget_type=\"text-editor.default\">\n\t\t\t\t<div class=\"elementor-widget-container\">\n\t\t\t\t\t\t\t\t\t<p><strong><em>\u00a0\u201cZranienie przeciwnika jest zranieniem samego siebie. Kontrolowanie agresji bez powodowania obra\u017ce\u0144 jest Sztuk\u0105 Pokoju\u201d\u00a0<\/em><\/strong>\u00a0<\/p><p><strong>\u00a0 \u00a0 \u00a0 \u00a0 \u00a0 \u00a0 \u00a0 \u00a0 \u00a0 \u00a0 \u00a0 \u00a0 \u00a0 \u00a0 \u00a0 \u00a0 \u00a0 \u00a0 \u00a0 \u00a0 \u00a0 \u00a0 \u00a0 \u00a0 \u00a0 \u00a0 \u00a0 \u00a0 \u00a0 \u00a0 \u00a0 \u00a0 \u00a0 \u00a0 \u00a0 \u00a0 \u00a0 \u00a0Morihei Ueshiba \u2013 tw\u00f3rca aikido<\/strong><\/p><p>\u00a0<\/p><p>Aikido jest sztuk\u0105 walki wywodz\u0105c\u0105 si\u0119 z Japonii, kt\u00f3ra czerpie inspiracje z tradycji samurajskiej. Filozofia aikido skupia si\u0119 na skutecznym odparciu ataku, ale bez inicjowania agresji wobec przeciwnika i jednoczesnej ochronie go przed obra\u017ceniami.\u00a0 \u00a0<\/p><p>Interesujesz si\u0119 wszechstronnym rozwojem?<\/p><p>Zapraszamy na treningi, gdzie poznasz nas i Aikido!<\/p><p>Skorzystaj z pierwszego bezp\u0142atnego treningu!<\/p><p>Szko\u0142\u0119\u00a0<strong>Aikido4Life Lublin<\/strong>\u00a0prowadzi\u00a0<strong>Miros\u0142aw Przybylski Sensei 6 DAN<\/strong>. Miros\u0142aw Przybylski posiada ponad 40 letnie do\u015bwiadczenie w treningach sztuk walki, kt\u00f3re przek\u0142ada si\u0119 na wieloletni\u0105 praktyk\u0119 prowadzenia zaj\u0119\u0107 dla dzieci, m\u0142odzie\u017cy i doros\u0142ych.<\/p><p>Nasza szko\u0142a aikido rozwija uczni\u00f3w zgodnie z zasadami stylu<strong>\u00a0Mistrza Hirokazu Kobayashi,<\/strong>\u00a0kt\u00f3ry by\u0142 uczniem tw\u00f3rcy aikido\u00a0<strong>Morihei Ueshiba<\/strong>. Styl Kobayashi charakteryzuje si\u0119 szybkimi, dynamicznymi ruchami i p\u0142ynnym wyzwalaniem si\u0119 z uchwyt\u00f3w oraz realno\u015bci\u0105 zastosowania. Techniki prezentowane podczas zaj\u0119\u0107 charakteryzuj\u0105 si\u0119 swobod\u0105 ruch\u00f3w, kt\u00f3ra wynika z wprowadzenia cia\u0142a w stan relaksu. W trakcie trening\u00f3w wykorzystywane s\u0105 \u0107wiczenia z drewnianym\u00a0<strong>mieczem (bokken), kijem (jo) oraz no\u017cem (tanto)<\/strong>, a tak\u017ce elementy innych sztuk walki.<\/p><p>Poza regularnymi zaj\u0119ciami w dojo, cz\u0142onkowie Akademii uczestnicz\u0105 w organizowanych przez nas letnich i zimowych obozach, a tak\u017ce w mi\u0119dzynarodowych i krajowych sta\u017cach (seminariach) aikido. Nasi adepci, zar\u00f3wno m\u0142odzie\u017c, jak i doro\u015bli, przygotowuj\u0105 si\u0119 do zdawania egzamin\u00f3w na wy\u017csze stopnie uczniowskie (KYU) i mistrzowskie (DAN). Wszyscy \u0107wicz\u0105cy w Aikido4Life Lublin tworz\u0105 spo\u0142eczno\u015b\u0107 os\u00f3b skupionych wok\u00f3\u0142 wsp\u00f3lnej pasji.<\/p><p><strong>Trwaj\u0105 zapisy na treningi w Aikido4 Life Lublin do grup pocz\u0105tkuj\u0105cych dla dzieci, m\u0142odzie\u017cy i doros\u0142ych.<\/strong><\/p><p>W trenowaniu aikido niewa\u017cny jest wiek, p\u0142e\u0107 czy sprawno\u015b\u0107 fizyczna. Wystarczy ch\u0119\u0107 rozpocz\u0119cia wspania\u0142ej przygody, dzi\u0119ki kt\u00f3rej rozwiniesz umiej\u0119tno\u015bci, zawrzesz nowe znajomo\u015bci z osobami maj\u0105cymi t\u0119 sam\u0105 pasj\u0119, a do tego wyrwiesz si\u0119 z codziennej rutyny.<\/p><p>Spotkajmy si\u0119 w jednym z czterech DOJO w Lublinie: \u00a0SP 28 ul. Rado\u015bci 13, SP 30 ul. Na\u0142kowskich 110, ZSO 4, ul. Tumidajskiego 6A lub Dojo ul. Nowy \u015awiat 34C.<\/p><p>\u00a0Szczeg\u00f3\u0142owy grafik zaj\u0119\u0107 znajduje si\u0119 w zak\u0142adce \u201eTreningi\u201d.<\/p><p><strong>Zadzwo\u0144 i um\u00f3w si\u0119 na pierwszy darmowy trening !!!\u00a0 784 120\u00a0520<\/strong><\/p><p><strong>Do\u0142\u0105cz do nas! Do zobaczenia na macie w dojo w Lublinie <\/strong><strong>\ud83d\ude42<\/strong><\/p><p><strong>ZAPRASZAMY DO OBEJRZENIA FILMU PROMUJ\u0104CEGO NASZ\u0104 SZKO\u0141\u0118 AIKIDO<\/strong><\/p><p><iframe title=\"Aikido - japo\u0144ska sztuka walki\" width=\"960\" height=\"540\" src=\"https:\/\/www.youtube.com\/embed\/ENStHOlUnU0?feature=oembed\" frameborder=\"0\" allow=\"accelerometer; autoplay; clipboard-write; encrypted-media; gyroscope; picture-in-picture; web-share\" referrerpolicy=\"strict-origin-when-cross-origin\" allowfullscreen><\/iframe><\/p>\t\t\t\t\t\t\t\t<\/div>\n\t\t\t\t<\/div>\n\t\t\t\t\t<\/div>\n\t\t\t\t<\/div>\n\t\t\t\t<\/div>\n\t\t","protected":false},"excerpt":{"rendered":"<p>\u00a0\u201cZranienie przeciwnika jest zranieniem samego siebie. Kontrolowanie agresji bez powodowania obra\u017ce\u0144 jest Sztuk\u0105 Pokoju\u201d\u00a0\u00a0 \u00a0 \u00a0 \u00a0 \u00a0 \u00a0 \u00a0 \u00a0 \u00a0 \u00a0 \u00a0 \u00a0 \u00a0 \u00a0 \u00a0 \u00a0 \u00a0 \u00a0 \u00a0 \u00a0 \u00a0 \u00a0 \u00a0 \u00a0 \u00a0 \u00a0 \u00a0 \u00a0 \u00a0 \u00a0 \u00a0 \u00a0 \u00a0 \u00a0 \u00a0 \u00a0 \u00a0 \u00a0 \u00a0Morihei Ueshiba \u2013 tw\u00f3rca aikido \u00a0 Aikido jest sztuk\u0105 walki wywodz\u0105c\u0105 si\u0119 z Japonii, kt\u00f3ra czerpie inspiracje z tradycji samurajskiej. Filozofia aikido skupia si\u0119 na skutecznym odparciu ataku, ale bez inicjowania agresji wobec przeciwnika i jednoczesnej ochronie go przed obra\u017ceniami.\u00a0 \u00a0 Interesujesz si\u0119 wszechstronnym rozwojem? Zapraszamy na treningi, gdzie poznasz nas i Aikido! Skorzystaj z pierwszego bezp\u0142atnego treningu! Szko\u0142\u0119\u00a0Aikido4Life Lublin\u00a0prowadzi\u00a0Miros\u0142aw Przybylski Sensei 6 DAN. Miros\u0142aw Przybylski posiada ponad 40 letnie do\u015bwiadczenie w treningach sztuk walki, kt\u00f3re przek\u0142ada si\u0119 na wieloletni\u0105 praktyk\u0119 prowadzenia zaj\u0119\u0107 dla dzieci, m\u0142odzie\u017cy i doros\u0142ych. Nasza szko\u0142a aikido rozwija uczni\u00f3w zgodnie z zasadami stylu\u00a0Mistrza Hirokazu Kobayashi,\u00a0kt\u00f3ry by\u0142 uczniem tw\u00f3rcy aikido\u00a0Morihei Ueshiba. Styl Kobayashi charakteryzuje si\u0119 szybkimi, dynamicznymi ruchami i p\u0142ynnym wyzwalaniem si\u0119 z uchwyt\u00f3w oraz realno\u015bci\u0105 zastosowania. Techniki prezentowane podczas zaj\u0119\u0107 charakteryzuj\u0105 si\u0119 swobod\u0105 ruch\u00f3w, kt\u00f3ra wynika z wprowadzenia cia\u0142a w stan relaksu. W trakcie trening\u00f3w wykorzystywane s\u0105 \u0107wiczenia z drewnianym\u00a0mieczem (bokken), kijem (jo) oraz no\u017cem (tanto), a tak\u017ce elementy innych sztuk walki. Poza regularnymi zaj\u0119ciami w dojo, cz\u0142onkowie Akademii uczestnicz\u0105 w organizowanych przez nas letnich i zimowych obozach, a tak\u017ce w mi\u0119dzynarodowych i krajowych sta\u017cach (seminariach) aikido. Nasi adepci, zar\u00f3wno m\u0142odzie\u017c, jak i doro\u015bli, przygotowuj\u0105 si\u0119 do zdawania egzamin\u00f3w na wy\u017csze stopnie uczniowskie (KYU) i mistrzowskie (DAN). Wszyscy \u0107wicz\u0105cy w Aikido4Life Lublin tworz\u0105 spo\u0142eczno\u015b\u0107 os\u00f3b skupionych wok\u00f3\u0142 wsp\u00f3lnej pasji. Trwaj\u0105 zapisy na treningi w Aikido4 Life Lublin do grup pocz\u0105tkuj\u0105cych dla dzieci, m\u0142odzie\u017cy i doros\u0142ych. W trenowaniu aikido niewa\u017cny jest wiek, p\u0142e\u0107 czy sprawno\u015b\u0107 fizyczna. Wystarczy ch\u0119\u0107 rozpocz\u0119cia wspania\u0142ej przygody, dzi\u0119ki kt\u00f3rej rozwiniesz umiej\u0119tno\u015bci, zawrzesz nowe znajomo\u015bci z osobami maj\u0105cymi t\u0119 sam\u0105 pasj\u0119, a do tego wyrwiesz si\u0119 z codziennej rutyny. Spotkajmy si\u0119 w jednym z czterech DOJO w Lublinie: \u00a0SP 28 ul. Rado\u015bci 13, SP 30 ul. Na\u0142kowskich 110, ZSO 4, ul. Tumidajskiego 6A lub Dojo ul. Nowy \u015awiat 34C. \u00a0Szczeg\u00f3\u0142owy grafik zaj\u0119\u0107 znajduje si\u0119 w zak\u0142adce \u201eTreningi\u201d. Zadzwo\u0144 i um\u00f3w si\u0119 na pierwszy darmowy trening !!!\u00a0 784 120\u00a0520 Do\u0142\u0105cz do nas! Do zobaczenia na macie w dojo w Lublinie \ud83d\ude42 ZAPRASZAMY DO OBEJRZENIA FILMU PROMUJ\u0104CEGO NASZ\u0104 SZKO\u0141\u0118 AIKIDO<\/p>\n","protected":false},"author":1,"featured_media":0,"parent":0,"menu_order":0,"comment_status":"closed","ping_status":"closed","template":"","meta":{"om_disable_all_campaigns":false,"_monsterinsights_skip_tracking":false,"_monsterinsights_sitenote_active":false,"_monsterinsights_sitenote_note":"","_monsterinsights_sitenote_category":0,"_uf_show_specific_survey":0,"_uf_disable_surveys":false,"footnotes":""},"class_list":["post-47","page","type-page","status-publish","hentry"],"aioseo_notices":[],"_links":{"self":[{"href":"https:\/\/aikidolublin.pl\/index.php?rest_route=\/wp\/v2\/pages\/47","targetHints":{"allow":["GET"]}}],"collection":[{"href":"https:\/\/aikidolublin.pl\/index.php?rest_route=\/wp\/v2\/pages"}],"about":[{"href":"https:\/\/aikidolublin.pl\/index.php?rest_route=\/wp\/v2\/types\/page"}],"author":[{"embeddable":true,"href":"https:\/\/aikidolublin.pl\/index.php?rest_route=\/wp\/v2\/users\/1"}],"replies":[{"embeddable":true,"href":"https:\/\/aikidolublin.pl\/index.php?rest_route=%2Fwp%2Fv2%2Fcomments&post=47"}],"version-history":[{"count":22,"href":"https:\/\/aikidolublin.pl\/index.php?rest_route=\/wp\/v2\/pages\/47\/revisions"}],"predecessor-version":[{"id":36191,"href":"https:\/\/aikidolublin.pl\/index.php?rest_route=\/wp\/v2\/pages\/47\/revisions\/36191"}],"wp:attachment":[{"href":"https:\/\/aikidolublin.pl\/index.php?rest_route=%2Fwp%2Fv2%2Fmedia&parent=47"}],"curies":[{"name":"wp","href":"https:\/\/api.w.org\/{rel}","templated":true}]}}